{"id":24381,"date":"2025-10-28T08:42:33","date_gmt":"2025-10-28T08:42:33","guid":{"rendered":"https:\/\/www.hanger-tools.com\/?product=poudre-a-tracer-blanche-226-g-hanger-100078"},"modified":"2025-10-31T09:24:13","modified_gmt":"2025-10-31T09:24:13","slug":"poudre-a-tracer-blanche-226-g-hanger-100078","status":"publish","type":"product","link":"https:\/\/www.hanger-tools.com\/?product=poudre-a-tracer-blanche-226-g-hanger-100078","title":{"rendered":"Poudre \u00e0 tracer blanche 226 g HANGER 100078"},"content":{"rendered":"<p>Poudre \u00e0 tracer de diff\u00e9rentes couleurs pour tous vos travaux de tra\u00e7age sur plaques de pl\u00e2tre, b\u00e9ton, pierre et bois. Cette poudre a \u00e9t\u00e9 d\u00e9velopp\u00e9e dans le respect des normes en vigueur.<\/p>\n<p><strong>Caract\u00e9ristiques techniques :<br \/><\/strong><\/p>\n<ul>\n<li>Couleurs disponibles : bleu, rouge, blanc<\/li>\n<li>Contenances disponibles : 224, 226, 1000 g<\/li>\n<li>Poudre bleu ou rouge : tr\u00e8s fort pouvoir marquant<\/li>\n<li>Poudre blanche : l\u00e9ger pouvoir marquant<\/li>\n<\/ul>\n","protected":false},"excerpt":{"rendered":"<p>nan<\/p>\n","protected":false},"featured_media":24380,"template":"","meta":{"_acf_changed":false,"_et_pb_use_builder":"","_et_pb_old_content":"","_et_gb_content_width":"","_cloudinary_featured_overwrite":false},"product_brand":[],"product_cat":[15,4454,4456],"product_tag":[4066],"class_list":{"0":"post-24381","1":"product","2":"type-product","3":"status-publish","4":"has-post-thumbnail","6":"product_cat-produits","7":"product_cat-mesure-tracage","8":"product_cat-tracage","9":"product_tag-hanger","11":"first","12":"instock","13":"shipping-taxable","14":"purchasable","15":"product-type-simple"},"acf":[],"amp_enabled":false,"_links":{"self":[{"href":"https:\/\/www.hanger-tools.com\/index.php?rest_route=\/wp\/v2\/product\/24381","targetHints":{"allow":["GET"]}}],"collection":[{"href":"https:\/\/www.hanger-tools.com\/index.php?rest_route=\/wp\/v2\/product"}],"about":[{"href":"https:\/\/www.hanger-tools.com\/index.php?rest_route=\/wp\/v2\/types\/product"}],"wp:featuredmedia":[{"embeddable":true,"href":"https:\/\/www.hanger-tools.com\/index.php?rest_route=\/wp\/v2\/media\/24380"}],"wp:attachment":[{"href":"https:\/\/www.hanger-tools.com\/index.php?rest_route=%2Fwp%2Fv2%2Fmedia&parent=24381"}],"wp:term":[{"taxonomy":"product_brand","embeddable":true,"href":"https:\/\/www.hanger-tools.com\/index.php?rest_route=%2Fwp%2Fv2%2Fproduct_brand&post=24381"},{"taxonomy":"product_cat","embeddable":true,"href":"https:\/\/www.hanger-tools.com\/index.php?rest_route=%2Fwp%2Fv2%2Fproduct_cat&post=24381"},{"taxonomy":"product_tag","embeddable":true,"href":"https:\/\/www.hanger-tools.com\/index.php?rest_route=%2Fwp%2Fv2%2Fproduct_tag&post=24381"}],"curies":[{"name":"wp","href":"https:\/\/api.w.org\/{rel}","templated":true}]}}