{"id":24281,"date":"2025-10-28T08:38:45","date_gmt":"2025-10-28T08:38:45","guid":{"rendered":"https:\/\/www.hanger-tools.com\/?product=cle-serre-tube-automatique-12-hanger-121312"},"modified":"2025-10-29T09:21:53","modified_gmt":"2025-10-29T09:21:53","slug":"cle-serre-tube-automatique-12-hanger-121312","status":"publish","type":"product","link":"https:\/\/www.hanger-tools.com\/?product=cle-serre-tube-automatique-12-hanger-121312","title":{"rendered":"Cl\u00e9 serre-tube automatique 12\u00a0\u00bb HANGER 121312"},"content":{"rendered":"<p>La cl\u00e9 \u00e0 griffe 12\u00a0\u00bb type 3 points de la marque Hanger fonctionne avec un syst\u00e8me de serrage automatique. Elle ne glisse pas et n&rsquo;\u00e9crase pas le tuyau pour une efficacit\u00e9 maximum. La cl\u00e9 serre-tube automatique peut \u00eatre utilis\u00e9e pour visser, desserrer, fixer des tubes jusqu&rsquo;\u00e0 maximum 73 mm.<\/p>\n<p>\u00a0<\/p>\n<h3>Caract\u00e9ristiques techniques :<\/h3>\n<ul>\n<li>R\u00e9glable d&rsquo;une seule main<\/li>\n<li>Capacit\u00e9 de serrage : 73 mm<\/li>\n<li>Longueur : 12\u00a0\u00bb (300 mm)<\/li>\n<\/ul>\n","protected":false},"excerpt":{"rendered":"<p>nan<\/p>\n","protected":false},"featured_media":24280,"template":"","meta":{"_acf_changed":false,"_et_pb_use_builder":"","_et_pb_old_content":"","_et_gb_content_width":"","_cloudinary_featured_overwrite":false},"product_brand":[],"product_cat":[15],"product_tag":[4066],"class_list":{"0":"post-24281","1":"product","2":"type-product","3":"status-publish","4":"has-post-thumbnail","6":"product_cat-produits","7":"product_tag-hanger","9":"first","10":"instock","11":"shipping-taxable","12":"purchasable","13":"product-type-simple"},"acf":[],"amp_enabled":false,"_links":{"self":[{"href":"https:\/\/www.hanger-tools.com\/index.php?rest_route=\/wp\/v2\/product\/24281","targetHints":{"allow":["GET"]}}],"collection":[{"href":"https:\/\/www.hanger-tools.com\/index.php?rest_route=\/wp\/v2\/product"}],"about":[{"href":"https:\/\/www.hanger-tools.com\/index.php?rest_route=\/wp\/v2\/types\/product"}],"wp:featuredmedia":[{"embeddable":true,"href":"https:\/\/www.hanger-tools.com\/index.php?rest_route=\/wp\/v2\/media\/24280"}],"wp:attachment":[{"href":"https:\/\/www.hanger-tools.com\/index.php?rest_route=%2Fwp%2Fv2%2Fmedia&parent=24281"}],"wp:term":[{"taxonomy":"product_brand","embeddable":true,"href":"https:\/\/www.hanger-tools.com\/index.php?rest_route=%2Fwp%2Fv2%2Fproduct_brand&post=24281"},{"taxonomy":"product_cat","embeddable":true,"href":"https:\/\/www.hanger-tools.com\/index.php?rest_route=%2Fwp%2Fv2%2Fproduct_cat&post=24281"},{"taxonomy":"product_tag","embeddable":true,"href":"https:\/\/www.hanger-tools.com\/index.php?rest_route=%2Fwp%2Fv2%2Fproduct_tag&post=24281"}],"curies":[{"name":"wp","href":"https:\/\/api.w.org\/{rel}","templated":true}]}}