{"id":24258,"date":"2025-10-28T08:37:35","date_gmt":"2025-10-28T08:37:35","guid":{"rendered":"https:\/\/www.hanger-tools.com\/?product=cle-a-griffe-36-900-mm-hanger-121136"},"modified":"2025-10-29T09:21:44","modified_gmt":"2025-10-29T09:21:44","slug":"cle-a-griffe-36-900-mm-hanger-121136","status":"publish","type":"product","link":"https:\/\/www.hanger-tools.com\/?product=cle-a-griffe-36-900-mm-hanger-121136","title":{"rendered":"Cl\u00e9 \u00e0 griffe 36\u00a0\u00bb 900 mm HANGER 121136"},"content":{"rendered":"<p>La cl\u00e9 serre-tube de la marque Hanger peut \u00eatre utilis\u00e9e pour visser, desserrer, fixer des tubes de 0 \u00e0 102 mm (en fonction de la taille de cl\u00e9 utilis\u00e9e). Son corps forg\u00e9 ainsi que ses mors forg\u00e9s et tremp\u00e9s lui procure une grande robustesse. L&rsquo;\u00e9crou de r\u00e9glage emp\u00eache l&rsquo;ajustement involontaire de l&rsquo;ouverture.<\/p>\n<p><strong>Caract\u00e9ristiques techniques :<br \/><\/strong><\/p>\n<ul>\n<li>Corps forg\u00e9 en acier<\/li>\n<li>Mors forg\u00e9s et tremp\u00e9s<\/li>\n<\/ul>\n","protected":false},"excerpt":{"rendered":"<p>nan<\/p>\n","protected":false},"featured_media":24257,"template":"","meta":{"_acf_changed":false,"_et_pb_use_builder":"","_et_pb_old_content":"","_et_gb_content_width":"","_cloudinary_featured_overwrite":false},"product_brand":[],"product_cat":[15],"product_tag":[4066],"class_list":{"0":"post-24258","1":"product","2":"type-product","3":"status-publish","4":"has-post-thumbnail","6":"product_cat-produits","7":"product_tag-hanger","9":"first","10":"instock","11":"shipping-taxable","12":"purchasable","13":"product-type-simple"},"acf":[],"amp_enabled":false,"_links":{"self":[{"href":"https:\/\/www.hanger-tools.com\/index.php?rest_route=\/wp\/v2\/product\/24258","targetHints":{"allow":["GET"]}}],"collection":[{"href":"https:\/\/www.hanger-tools.com\/index.php?rest_route=\/wp\/v2\/product"}],"about":[{"href":"https:\/\/www.hanger-tools.com\/index.php?rest_route=\/wp\/v2\/types\/product"}],"wp:featuredmedia":[{"embeddable":true,"href":"https:\/\/www.hanger-tools.com\/index.php?rest_route=\/wp\/v2\/media\/24257"}],"wp:attachment":[{"href":"https:\/\/www.hanger-tools.com\/index.php?rest_route=%2Fwp%2Fv2%2Fmedia&parent=24258"}],"wp:term":[{"taxonomy":"product_brand","embeddable":true,"href":"https:\/\/www.hanger-tools.com\/index.php?rest_route=%2Fwp%2Fv2%2Fproduct_brand&post=24258"},{"taxonomy":"product_cat","embeddable":true,"href":"https:\/\/www.hanger-tools.com\/index.php?rest_route=%2Fwp%2Fv2%2Fproduct_cat&post=24258"},{"taxonomy":"product_tag","embeddable":true,"href":"https:\/\/www.hanger-tools.com\/index.php?rest_route=%2Fwp%2Fv2%2Fproduct_tag&post=24258"}],"curies":[{"name":"wp","href":"https:\/\/api.w.org\/{rel}","templated":true}]}}