{"id":24179,"date":"2025-10-28T08:33:49","date_gmt":"2025-10-28T08:33:49","guid":{"rendered":"https:\/\/www.hanger-tools.com\/?product=cle-mixte-metrique-17-mm-hanger-210017"},"modified":"2025-10-31T09:15:52","modified_gmt":"2025-10-31T09:15:52","slug":"cle-mixte-metrique-17-mm-hanger-210017","status":"publish","type":"product","link":"https:\/\/www.hanger-tools.com\/?product=cle-mixte-metrique-17-mm-hanger-210017","title":{"rendered":"Cl\u00e9 mixte m\u00e9trique 17 mm HANGER 210017"},"content":{"rendered":"<p>Ces cl\u00e9s mixtes standard conviennent pour toutes les applications courantes. La position entre la t\u00eate fourche et le manche est optimis\u00e9e pour une praticabilit\u00e9 accrue. De plus, l&rsquo;inclinaison de l&rsquo;oeil est con\u00e7ue pour une manipulation ais\u00e9e sur les surfaces planes.<\/p>\n<p><strong>Caract\u00e9ristiques techniques :<br \/><\/strong><\/p>\n<ul>\n<li>Inclinaison t\u00eate fourchue : 15 \u00b0<\/li>\n<li>Inclinaison oeil : 15 \u00b0<\/li>\n<li>Oeil : 12 pans<\/li>\n<li>Dimensions m\u00e9triques : 6 &#8211; 24 mm<\/li>\n<li>Finition : chrom\u00e9e satin\u00e9e<\/li>\n<\/ul>\n","protected":false},"excerpt":{"rendered":"<p>Des outils de qualit\u00e9 pour divers travaux de serrage.<\/p>\n","protected":false},"featured_media":24154,"template":"","meta":{"_acf_changed":false,"_et_pb_use_builder":"","_et_pb_old_content":"","_et_gb_content_width":"","_cloudinary_featured_overwrite":false},"product_brand":[],"product_cat":[15,4451,4447],"product_tag":[4066],"class_list":{"0":"post-24179","1":"product","2":"type-product","3":"status-publish","4":"has-post-thumbnail","6":"product_cat-produits","7":"product_cat-cles","8":"product_cat-outils-a-mains","9":"product_tag-hanger","11":"first","12":"instock","13":"shipping-taxable","14":"purchasable","15":"product-type-simple"},"acf":[],"amp_enabled":false,"_links":{"self":[{"href":"https:\/\/www.hanger-tools.com\/index.php?rest_route=\/wp\/v2\/product\/24179","targetHints":{"allow":["GET"]}}],"collection":[{"href":"https:\/\/www.hanger-tools.com\/index.php?rest_route=\/wp\/v2\/product"}],"about":[{"href":"https:\/\/www.hanger-tools.com\/index.php?rest_route=\/wp\/v2\/types\/product"}],"wp:featuredmedia":[{"embeddable":true,"href":"https:\/\/www.hanger-tools.com\/index.php?rest_route=\/wp\/v2\/media\/24154"}],"wp:attachment":[{"href":"https:\/\/www.hanger-tools.com\/index.php?rest_route=%2Fwp%2Fv2%2Fmedia&parent=24179"}],"wp:term":[{"taxonomy":"product_brand","embeddable":true,"href":"https:\/\/www.hanger-tools.com\/index.php?rest_route=%2Fwp%2Fv2%2Fproduct_brand&post=24179"},{"taxonomy":"product_cat","embeddable":true,"href":"https:\/\/www.hanger-tools.com\/index.php?rest_route=%2Fwp%2Fv2%2Fproduct_cat&post=24179"},{"taxonomy":"product_tag","embeddable":true,"href":"https:\/\/www.hanger-tools.com\/index.php?rest_route=%2Fwp%2Fv2%2Fproduct_tag&post=24179"}],"curies":[{"name":"wp","href":"https:\/\/api.w.org\/{rel}","templated":true}]}}