{"id":22458,"date":"2025-08-04T08:34:22","date_gmt":"2025-08-04T08:34:22","guid":{"rendered":"https:\/\/www.hanger-tools.com\/?product=coffret-de-6-meches-forstner-hanger-156001"},"modified":"2025-08-06T10:00:48","modified_gmt":"2025-08-06T10:00:48","slug":"coffret-de-6-meches-forstner-hanger-156001","status":"publish","type":"product","link":"https:\/\/www.hanger-tools.com\/?product=coffret-de-6-meches-forstner-hanger-156001","title":{"rendered":"Coffret de 6 m\u00e8ches Forstner HANGER 156001"},"content":{"rendered":"<p>Ce coffret Forstner de Hanger est id\u00e9al pour percer des trous pr\u00e9cis et uniformes, des demi-lunes, et des trous en biais dans le bois tendre et dur. Gr\u00e2ce \u00e0 sa coupe p\u00e9riph\u00e9rique ondul\u00e9e brevet\u00e9e, il \u00e9vite la surchauffe des couteaux et permet un per\u00e7age propre et facile.<\/p>\n<p>&#038;nbsp,<\/p>\n<p><b>Caract\u00e9ristiques techniques :<\/b><\/p>\n<ul>\n<li>En acier fondu<\/li>\n<li>Une pointe de centrage<\/li>\n<li>Une coupe p\u00e9riph\u00e9rique ondul\u00e9e et 2 couteaux<\/li>\n<li>Queue cylindrique avec 3 m\u00e9plats d\u00e9collet\u00e9e de 30 mm de longueur<\/li>\n<\/ul>\n","protected":false},"excerpt":{"rendered":"<p>Ce coffret Forstner de Hanger est id\u00e9al pour percer des trous pr\u00e9cis et uniformes, des demi-lunes, et des trous en biais dans le bois tendre et dur. Gr\u00e2ce \u00e0 sa coupe p\u00e9riph\u00e9rique ondul\u00e9e brevet\u00e9e, il \u00e9vite la surchauffe des couteaux et permet un per\u00e7age propre et facile. &#038;nbsp, Caract\u00e9ristiques techniques : En acier fondu Une [&hellip;]<\/p>\n","protected":false},"featured_media":22194,"template":"","meta":{"_acf_changed":false,"_et_pb_use_builder":"","_et_pb_old_content":"","_et_gb_content_width":"","_cloudinary_featured_overwrite":false},"product_brand":[],"product_cat":[15],"product_tag":[4021],"class_list":{"0":"post-22458","1":"product","2":"type-product","3":"status-publish","4":"has-post-thumbnail","6":"product_cat-produits","7":"product_tag-meche","9":"first","10":"outofstock","11":"shipping-taxable","12":"product-type-simple"},"acf":[],"amp_enabled":false,"_links":{"self":[{"href":"https:\/\/www.hanger-tools.com\/index.php?rest_route=\/wp\/v2\/product\/22458","targetHints":{"allow":["GET"]}}],"collection":[{"href":"https:\/\/www.hanger-tools.com\/index.php?rest_route=\/wp\/v2\/product"}],"about":[{"href":"https:\/\/www.hanger-tools.com\/index.php?rest_route=\/wp\/v2\/types\/product"}],"wp:featuredmedia":[{"embeddable":true,"href":"https:\/\/www.hanger-tools.com\/index.php?rest_route=\/wp\/v2\/media\/22194"}],"wp:attachment":[{"href":"https:\/\/www.hanger-tools.com\/index.php?rest_route=%2Fwp%2Fv2%2Fmedia&parent=22458"}],"wp:term":[{"taxonomy":"product_brand","embeddable":true,"href":"https:\/\/www.hanger-tools.com\/index.php?rest_route=%2Fwp%2Fv2%2Fproduct_brand&post=22458"},{"taxonomy":"product_cat","embeddable":true,"href":"https:\/\/www.hanger-tools.com\/index.php?rest_route=%2Fwp%2Fv2%2Fproduct_cat&post=22458"},{"taxonomy":"product_tag","embeddable":true,"href":"https:\/\/www.hanger-tools.com\/index.php?rest_route=%2Fwp%2Fv2%2Fproduct_tag&post=22458"}],"curies":[{"name":"wp","href":"https:\/\/api.w.org\/{rel}","templated":true}]}}