{"id":22410,"date":"2025-08-04T08:33:43","date_gmt":"2025-08-04T08:33:43","guid":{"rendered":"https:\/\/www.hanger-tools.com\/?product=foret-pilote-pour-mandrin-st1-hanger-150466"},"modified":"2025-10-28T13:35:39","modified_gmt":"2025-10-28T13:35:39","slug":"foret-pilote-pour-mandrin-st1-hanger-150466","status":"publish","type":"product","link":"https:\/\/www.hanger-tools.com\/?product=foret-pilote-pour-mandrin-st1-hanger-150466","title":{"rendered":"Foret pilote pour mandrin ST1 HANGER 150466"},"content":{"rendered":"<p>Ce foret pilote ST de la marque Hanger offre une grande polyvalence, s&rsquo;adaptant \u00e0 une vari\u00e9t\u00e9 de mandrins. Il permet ainsi de r\u00e9aliser une multitude de travaux de per\u00e7age.<\/p>\n<p>Fabriqu\u00e9 en acier HSS (acier rapide), le foret pilote assure une fiabilit\u00e9 \u00e0 toute \u00e9preuve. Cette mati\u00e8re de haute qualit\u00e9 offre une r\u00e9sistance sup\u00e9rieure \u00e0 l&rsquo;usure et une durabilit\u00e9 accrue, garantissant ainsi une performance optimale.<\/p>\n<p>&#038;nbsp,<\/p>\n<p><b>Caract\u00e9ristiques techniques&#038;nbsp,:<\/b><\/p>\n<ul>\n<li>Foret : HSS<\/li>\n<li>Diam\u00e8tre : 6,35 mm<\/li>\n<\/ul>\n","protected":false},"excerpt":{"rendered":"<p>Ce foret pilote ST de la marque Hanger offre une grande polyvalence, s&rsquo;adaptant \u00e0 une vari\u00e9t\u00e9 de mandrins. Il permet ainsi de r\u00e9aliser une multitude de travaux de per\u00e7age. Fabriqu\u00e9 en acier HSS (acier rapide), le foret pilote assure une fiabilit\u00e9 \u00e0 toute \u00e9preuve. Cette mati\u00e8re de haute qualit\u00e9 offre une r\u00e9sistance sup\u00e9rieure \u00e0 l&rsquo;usure [&hellip;]<\/p>\n","protected":false},"featured_media":22144,"template":"","meta":{"_acf_changed":false,"_et_pb_use_builder":"","_et_pb_old_content":"","_et_gb_content_width":"","_cloudinary_featured_overwrite":false},"product_brand":[],"product_cat":[15],"product_tag":[3938],"class_list":{"0":"post-22410","1":"product","2":"type-product","3":"status-publish","4":"has-post-thumbnail","6":"product_cat-produits","7":"product_tag-foret-pilote","9":"first","10":"outofstock","11":"shipping-taxable","12":"product-type-simple"},"acf":[],"amp_enabled":false,"_links":{"self":[{"href":"https:\/\/www.hanger-tools.com\/index.php?rest_route=\/wp\/v2\/product\/22410","targetHints":{"allow":["GET"]}}],"collection":[{"href":"https:\/\/www.hanger-tools.com\/index.php?rest_route=\/wp\/v2\/product"}],"about":[{"href":"https:\/\/www.hanger-tools.com\/index.php?rest_route=\/wp\/v2\/types\/product"}],"wp:featuredmedia":[{"embeddable":true,"href":"https:\/\/www.hanger-tools.com\/index.php?rest_route=\/wp\/v2\/media\/22144"}],"wp:attachment":[{"href":"https:\/\/www.hanger-tools.com\/index.php?rest_route=%2Fwp%2Fv2%2Fmedia&parent=22410"}],"wp:term":[{"taxonomy":"product_brand","embeddable":true,"href":"https:\/\/www.hanger-tools.com\/index.php?rest_route=%2Fwp%2Fv2%2Fproduct_brand&post=22410"},{"taxonomy":"product_cat","embeddable":true,"href":"https:\/\/www.hanger-tools.com\/index.php?rest_route=%2Fwp%2Fv2%2Fproduct_cat&post=22410"},{"taxonomy":"product_tag","embeddable":true,"href":"https:\/\/www.hanger-tools.com\/index.php?rest_route=%2Fwp%2Fv2%2Fproduct_tag&post=22410"}],"curies":[{"name":"wp","href":"https:\/\/api.w.org\/{rel}","templated":true}]}}