{"id":22382,"date":"2025-08-04T08:33:20","date_gmt":"2025-08-04T08:33:20","guid":{"rendered":"https:\/\/www.hanger-tools.com\/?product=marteau-delectricien-manche-tri-matiere-265-mm-hanger-110630"},"modified":"2025-10-31T08:59:55","modified_gmt":"2025-10-31T08:59:55","slug":"marteau-delectricien-manche-tri-matiere-265-mm-hanger-110630","status":"publish","type":"product","link":"https:\/\/www.hanger-tools.com\/?product=marteau-delectricien-manche-tri-matiere-265-mm-hanger-110630","title":{"rendered":"Marteau d&rsquo;\u00e9lectricien manche tri-mati\u00e8re 265 mm HANGER 110630"},"content":{"rendered":"<p>Ce marteau d&rsquo;\u00e9lectricien de la marque Hanger est \u00e9quip\u00e9 d&rsquo;une t\u00eate plate et d&rsquo;une panne allong\u00e9e en acier carbone, id\u00e9ales pour les acc\u00e8s difficiles dans les installations \u00e9lectriques. Cette conception permet aux \u00e9lectriciens de travailler avec pr\u00e9cision et efficacit\u00e9, m\u00eame dans les espaces restreints ou les endroits difficiles d&rsquo;acc\u00e8s.<\/p>\n<p>Dot\u00e9 d&rsquo;un manche ergonomique antid\u00e9rapant, le marteau d&rsquo;\u00e9lectricien assure une prise en main confortable et s\u00e9curis\u00e9e, m\u00eame dans des conditions de travail difficiles. Compos\u00e9 de fibre de verre, de polypropyl\u00e8ne et d&rsquo;\u00e9lastom\u00e8re, ce manche tri-mati\u00e8re offre une r\u00e9sistance optimale aux chocs et aux vibrations, r\u00e9duisant ainsi la fatigue et les tensions musculaires pendant les longues heures de travail.<\/p>\n<p>Avec son emmanchement s\u00e9curit\u00e9 en r\u00e9sine \u00e9poxy, le marteau d&rsquo;\u00e9lectricien garantit une connexion solide entre le manche et la t\u00eate, assurant ainsi une longue dur\u00e9e de vie de l&rsquo;outil.<\/p>\n<p>&#038;nbsp,<\/p>\n<p><b>Caract\u00e9ristiques techniques :<\/b><\/p>\n<ul>\n<li>Manche&#038;nbsp,: tri-mati\u00e8re (fibre de verre &#8211; polypropyl\u00e8ne &#8211; \u00e9lastom\u00e8re)<\/li>\n<li>T\u00eate plate et polie, forg\u00e9e en acier carbone<\/li>\n<li>Largeur : 18 mm&#038;nbsp,<\/li>\n<li>Longueur : 265 mm&#038;nbsp,<\/li>\n<li>Poids : 200 g&#038;nbsp,<\/li>\n<\/ul>\n","protected":false},"excerpt":{"rendered":"<p>Ce marteau d&rsquo;\u00e9lectricien de la marque Hanger est \u00e9quip\u00e9 d&rsquo;une t\u00eate plate et d&rsquo;une panne allong\u00e9e en acier carbone, id\u00e9ales pour les acc\u00e8s difficiles dans les installations \u00e9lectriques. Cette conception permet aux \u00e9lectriciens de travailler avec pr\u00e9cision et efficacit\u00e9, m\u00eame dans les espaces restreints ou les endroits difficiles d&rsquo;acc\u00e8s. Dot\u00e9 d&rsquo;un manche ergonomique antid\u00e9rapant, le [&hellip;]<\/p>\n","protected":false},"featured_media":18115,"template":"","meta":{"_acf_changed":false,"_et_pb_use_builder":"","_et_pb_old_content":"","_et_gb_content_width":"","_cloudinary_featured_overwrite":false},"product_brand":[],"product_cat":[15,4449,4447],"product_tag":[3995],"class_list":{"0":"post-22382","1":"product","2":"type-product","3":"status-publish","4":"has-post-thumbnail","6":"product_cat-produits","7":"product_cat-marteaux","8":"product_cat-outils-a-mains","9":"product_tag-marteau-delectricien","11":"first","12":"outofstock","13":"shipping-taxable","14":"product-type-simple"},"acf":[],"amp_enabled":false,"_links":{"self":[{"href":"https:\/\/www.hanger-tools.com\/index.php?rest_route=\/wp\/v2\/product\/22382","targetHints":{"allow":["GET"]}}],"collection":[{"href":"https:\/\/www.hanger-tools.com\/index.php?rest_route=\/wp\/v2\/product"}],"about":[{"href":"https:\/\/www.hanger-tools.com\/index.php?rest_route=\/wp\/v2\/types\/product"}],"wp:featuredmedia":[{"embeddable":true,"href":"https:\/\/www.hanger-tools.com\/index.php?rest_route=\/wp\/v2\/media\/18115"}],"wp:attachment":[{"href":"https:\/\/www.hanger-tools.com\/index.php?rest_route=%2Fwp%2Fv2%2Fmedia&parent=22382"}],"wp:term":[{"taxonomy":"product_brand","embeddable":true,"href":"https:\/\/www.hanger-tools.com\/index.php?rest_route=%2Fwp%2Fv2%2Fproduct_brand&post=22382"},{"taxonomy":"product_cat","embeddable":true,"href":"https:\/\/www.hanger-tools.com\/index.php?rest_route=%2Fwp%2Fv2%2Fproduct_cat&post=22382"},{"taxonomy":"product_tag","embeddable":true,"href":"https:\/\/www.hanger-tools.com\/index.php?rest_route=%2Fwp%2Fv2%2Fproduct_tag&post=22382"}],"curies":[{"name":"wp","href":"https:\/\/api.w.org\/{rel}","templated":true}]}}