{"id":22378,"date":"2025-08-04T08:33:16","date_gmt":"2025-08-04T08:33:16","guid":{"rendered":"https:\/\/www.hanger-tools.com\/?product=scie-egoine-h-cut-debit-moyen-500-mm-hanger-150194"},"modified":"2025-10-28T13:35:52","modified_gmt":"2025-10-28T13:35:52","slug":"scie-egoine-h-cut-debit-moyen-500-mm-hanger-150194","status":"publish","type":"product","link":"https:\/\/www.hanger-tools.com\/?product=scie-egoine-h-cut-debit-moyen-500-mm-hanger-150194","title":{"rendered":"Scie \u00e9go\u00efne H-CUT d\u00e9bit moyen 500 mm HANGER 150194"},"content":{"rendered":"<p>La scie \u00e9go\u00efne H-CUT Hanger d\u00e9bit moyen 500 mm est con\u00e7ue pour offrir une utilisation universelle. Elle permet de couper efficacement diff\u00e9rents mat\u00e9riaux, notamment les bois moyens et \u00e9pais, le plastique, les contreplaqu\u00e9s, les plaques de pl\u00e2tre, les panneaux de particules, les panneaux de fibres de bois et les parquets en bois. Sa capacit\u00e9 d&rsquo;adaptation en fait un outil indispensable pour les particuliers souhaitant r\u00e9aliser des travaux vari\u00e9s avec un seul \u00e9quipement.<\/p>\n<p>\u00c9quip\u00e9e de dents tremp\u00e9es \u00e0 64 HRc avec trois ar\u00eates de coupe, la scie H-CUT assure des d\u00e9coupes pr\u00e9cises et rapides. Sa conception permet de travailler avec moins d&rsquo;effort qu&rsquo;une scie conventionnelle, offrant ainsi un meilleur confort d&rsquo;utilisation. Cette caract\u00e9ristique est particuli\u00e8rement appr\u00e9ci\u00e9e lors des travaux n\u00e9cessitant de longues coupes ou des d\u00e9coupes r\u00e9p\u00e9titives.<\/p>\n<p>La poign\u00e9e ergonomique bi-mati\u00e8re de la scie \u00e9go\u00efne Hanger garantit une prise en main confortable, m\u00eame lors des travaux prolong\u00e9s. Viss\u00e9e par trois vis, elle assure une s\u00e9curit\u00e9 maximale en \u00e9vitant tout risque de d\u00e9logement ou de jeu pendant l&rsquo;utilisation. Ce design ergonomique am\u00e9liore \u00e9galement le contr\u00f4le de la coupe, permettant d&rsquo;obtenir un r\u00e9sultat pr\u00e9cis et soign\u00e9.<\/p>\n<p>&#038;nbsp,<\/p>\n<h3>Caract\u00e9ristiques techniques&#038;nbsp,:<\/h3>\n<ul>\n<li>Type de dents&#038;nbsp,: tremp\u00e9es \u00e0 64 HRC<\/li>\n<li>Poign\u00e9e&#038;nbsp,: bi-mati\u00e8re<\/li>\n<li>Utilisation&#038;nbsp,: universelle<\/li>\n<li>Longueur : 500 mm<\/li>\n<\/ul>\n","protected":false},"excerpt":{"rendered":"<p>La scie \u00e9go\u00efne H-CUT Hanger d\u00e9bit moyen 500 mm est con\u00e7ue pour offrir une utilisation universelle. Elle permet de couper efficacement diff\u00e9rents mat\u00e9riaux, notamment les bois moyens et \u00e9pais, le plastique, les contreplaqu\u00e9s, les plaques de pl\u00e2tre, les panneaux de particules, les panneaux de fibres de bois et les parquets en bois. Sa capacit\u00e9 d&rsquo;adaptation [&hellip;]<\/p>\n","protected":false},"featured_media":20053,"template":"","meta":{"_acf_changed":false,"_et_pb_use_builder":"","_et_pb_old_content":"","_et_gb_content_width":"","_cloudinary_featured_overwrite":false},"product_brand":[],"product_cat":[15],"product_tag":[3994],"class_list":{"0":"post-22378","1":"product","2":"type-product","3":"status-publish","4":"has-post-thumbnail","6":"product_cat-produits","7":"product_tag-scie-egoine","9":"first","10":"outofstock","11":"shipping-taxable","12":"product-type-simple"},"acf":[],"amp_enabled":false,"_links":{"self":[{"href":"https:\/\/www.hanger-tools.com\/index.php?rest_route=\/wp\/v2\/product\/22378","targetHints":{"allow":["GET"]}}],"collection":[{"href":"https:\/\/www.hanger-tools.com\/index.php?rest_route=\/wp\/v2\/product"}],"about":[{"href":"https:\/\/www.hanger-tools.com\/index.php?rest_route=\/wp\/v2\/types\/product"}],"wp:featuredmedia":[{"embeddable":true,"href":"https:\/\/www.hanger-tools.com\/index.php?rest_route=\/wp\/v2\/media\/20053"}],"wp:attachment":[{"href":"https:\/\/www.hanger-tools.com\/index.php?rest_route=%2Fwp%2Fv2%2Fmedia&parent=22378"}],"wp:term":[{"taxonomy":"product_brand","embeddable":true,"href":"https:\/\/www.hanger-tools.com\/index.php?rest_route=%2Fwp%2Fv2%2Fproduct_brand&post=22378"},{"taxonomy":"product_cat","embeddable":true,"href":"https:\/\/www.hanger-tools.com\/index.php?rest_route=%2Fwp%2Fv2%2Fproduct_cat&post=22378"},{"taxonomy":"product_tag","embeddable":true,"href":"https:\/\/www.hanger-tools.com\/index.php?rest_route=%2Fwp%2Fv2%2Fproduct_tag&post=22378"}],"curies":[{"name":"wp","href":"https:\/\/api.w.org\/{rel}","templated":true}]}}