{"id":21406,"date":"2025-08-01T14:21:03","date_gmt":"2025-08-01T14:21:03","guid":{"rendered":"https:\/\/www.hanger-tools.com\/?product=sac-de-rangement-18-l-hanger-510115"},"modified":"2025-10-28T13:35:45","modified_gmt":"2025-10-28T13:35:45","slug":"sac-de-rangement-18-l-hanger-510115","status":"publish","type":"product","link":"https:\/\/www.hanger-tools.com\/?product=sac-de-rangement-18-l-hanger-510115","title":{"rendered":"Sac de rangement 18 l HANGER 510115"},"content":{"rendered":"<p>Le sac de rangement Hanger 18 L est con\u00e7u pour offrir une solution pratique de stockage et de transport pour les outils de bricolage. Sa fabrication en polyester robuste garantit une r\u00e9sistance appr\u00e9ciable \u00e0 l&rsquo;usure et aux d\u00e9chirures, m\u00eame lors d&rsquo;une utilisation intensive. Ce mat\u00e9riau assure \u00e9galement une l\u00e9g\u00e8ret\u00e9 qui facilite le transport du sac, que ce soit pour des petits travaux domestiques ou des projets plus cons\u00e9quents.<\/p>\n<p>La structure ouverte du sac Hanger permet d&rsquo;acc\u00e9der rapidement aux outils, sans avoir \u00e0 fouiller ou \u00e0 tout d\u00e9placer. Cette conception am\u00e9liore consid\u00e9rablement la productivit\u00e9 en offrant une vue d&rsquo;ensemble sur le contenu du sac. Les 4 poches de rangement \u00e0 l&rsquo;int\u00e9rieur et les 10 poches ext\u00e9rieures offrent une organisation optimale, permettant de s\u00e9parer les outils selon leur taille ou leur utilit\u00e9. Chaque outil trouve ainsi facilement sa place, r\u00e9duisant le temps de recherche lors des travaux.<\/p>\n<p>Le sac Hanger est \u00e9quip\u00e9 d&rsquo;une poign\u00e9e en acier avec une prise en caoutchouc souple, offrant une prise en main confortable et s\u00e9curis\u00e9e. La base imperm\u00e9able, moul\u00e9e sur tissu, prot\u00e8ge le contenu du sac contre l&rsquo;humidit\u00e9 et les surfaces mouill\u00e9es, permettant ainsi une utilisation aussi bien en int\u00e9rieur qu&rsquo;en ext\u00e9rieur. Cette protection suppl\u00e9mentaire pr\u00e9serve les outils de l&rsquo;eau, de la salet\u00e9 ou des \u00e9claboussures, garantissant leur durabilit\u00e9.<\/p>\n<\/p>\n<h3>Caract\u00e9ristiques techniques:<\/h3>\n<ul>\n<li>Mati\u00e8re du sac: 100% polyester<\/li>\n<li>Mati\u00e8re de la poign\u00e9e: en acier<\/li>\n<li>Base: imperm\u00e9able<\/li>\n<li>Nombre de poches int\u00e9rieurs: 4<\/li>\n<li>Nombre de poches ext\u00e9rieur: 10<\/li>\n<li>Capacit\u00e9: 18 l<\/li>\n<li>Dimensions: 42 x 22 x 30 cm<\/li>\n<li>Poids: 2 kg<\/li>\n<\/ul>\n","protected":false},"excerpt":{"rendered":"<p>Fabrication robuste en polyester permettant de supporter le poids des outilsStructure ouverte pour un acc\u00e8s rapide et facile aux outilsBase imperm\u00e9able moul\u00e9e sur tissu assurant la protection des outils<\/p>\n","protected":false},"featured_media":20063,"template":"","meta":{"_acf_changed":false,"_et_pb_use_builder":"","_et_pb_old_content":"","_et_gb_content_width":"","_cloudinary_featured_overwrite":false},"product_brand":[],"product_cat":[15],"product_tag":[3984],"class_list":{"0":"post-21406","1":"product","2":"type-product","3":"status-publish","4":"has-post-thumbnail","6":"product_cat-produits","7":"product_tag-caisse-a-outils","9":"first","10":"outofstock","11":"shipping-taxable","12":"product-type-simple"},"acf":[],"amp_enabled":false,"_links":{"self":[{"href":"https:\/\/www.hanger-tools.com\/index.php?rest_route=\/wp\/v2\/product\/21406","targetHints":{"allow":["GET"]}}],"collection":[{"href":"https:\/\/www.hanger-tools.com\/index.php?rest_route=\/wp\/v2\/product"}],"about":[{"href":"https:\/\/www.hanger-tools.com\/index.php?rest_route=\/wp\/v2\/types\/product"}],"wp:featuredmedia":[{"embeddable":true,"href":"https:\/\/www.hanger-tools.com\/index.php?rest_route=\/wp\/v2\/media\/20063"}],"wp:attachment":[{"href":"https:\/\/www.hanger-tools.com\/index.php?rest_route=%2Fwp%2Fv2%2Fmedia&parent=21406"}],"wp:term":[{"taxonomy":"product_brand","embeddable":true,"href":"https:\/\/www.hanger-tools.com\/index.php?rest_route=%2Fwp%2Fv2%2Fproduct_brand&post=21406"},{"taxonomy":"product_cat","embeddable":true,"href":"https:\/\/www.hanger-tools.com\/index.php?rest_route=%2Fwp%2Fv2%2Fproduct_cat&post=21406"},{"taxonomy":"product_tag","embeddable":true,"href":"https:\/\/www.hanger-tools.com\/index.php?rest_route=%2Fwp%2Fv2%2Fproduct_tag&post=21406"}],"curies":[{"name":"wp","href":"https:\/\/api.w.org\/{rel}","templated":true}]}}