{"id":21400,"date":"2025-08-01T14:20:57","date_gmt":"2025-08-01T14:20:57","guid":{"rendered":"https:\/\/www.hanger-tools.com\/?product=sac-a-outils-hanger-en-cuir-35-cm"},"modified":"2025-10-28T13:35:37","modified_gmt":"2025-10-28T13:35:37","slug":"sac-a-outils-hanger-en-cuir-35-cm","status":"publish","type":"product","link":"https:\/\/www.hanger-tools.com\/?product=sac-a-outils-hanger-en-cuir-35-cm","title":{"rendered":"Sac \u00e0 outils Hanger en cuir 35 cm"},"content":{"rendered":"<p>Ce sac auto Hanger en cro\u00fbte de cuir avec montage riv\u00e9 est adapt\u00e9 aux utilisations dans les environnements agressifs. Avec poign\u00e9e. Fermeture par 2 sanglons et boucleteaux ajustables.<br \/> Elle est dot\u00e9e d&rsquo;une poche d&rsquo;une poche int\u00e9rieure pour faciliter le rangement de vos outils.<\/p>\n<p> <b>Caract\u00e9ristiques techniques :<\/b><\/p>\n<ul type=\"disc\">\n<li>Dimensions : 12 x 12 x 35 cm<\/li>\n<li>Mati\u00e8re : cuir<\/li>\n<li>Capacit\u00e9 : 5L<\/li>\n<\/ul>\n","protected":false},"excerpt":{"rendered":"<p>\u2022 Tr\u00e8s r\u00e9sistant.<\/p>\n","protected":false},"featured_media":18638,"template":"","meta":{"_acf_changed":false,"_et_pb_use_builder":"","_et_pb_old_content":"","_et_gb_content_width":"","_cloudinary_featured_overwrite":false},"product_brand":[],"product_cat":[15],"product_tag":[3983],"class_list":{"0":"post-21400","1":"product","2":"type-product","3":"status-publish","4":"has-post-thumbnail","6":"product_cat-produits","7":"product_tag-sac-et-valise-a-outils","9":"first","10":"outofstock","11":"shipping-taxable","12":"product-type-simple"},"acf":[],"amp_enabled":false,"_links":{"self":[{"href":"https:\/\/www.hanger-tools.com\/index.php?rest_route=\/wp\/v2\/product\/21400","targetHints":{"allow":["GET"]}}],"collection":[{"href":"https:\/\/www.hanger-tools.com\/index.php?rest_route=\/wp\/v2\/product"}],"about":[{"href":"https:\/\/www.hanger-tools.com\/index.php?rest_route=\/wp\/v2\/types\/product"}],"wp:featuredmedia":[{"embeddable":true,"href":"https:\/\/www.hanger-tools.com\/index.php?rest_route=\/wp\/v2\/media\/18638"}],"wp:attachment":[{"href":"https:\/\/www.hanger-tools.com\/index.php?rest_route=%2Fwp%2Fv2%2Fmedia&parent=21400"}],"wp:term":[{"taxonomy":"product_brand","embeddable":true,"href":"https:\/\/www.hanger-tools.com\/index.php?rest_route=%2Fwp%2Fv2%2Fproduct_brand&post=21400"},{"taxonomy":"product_cat","embeddable":true,"href":"https:\/\/www.hanger-tools.com\/index.php?rest_route=%2Fwp%2Fv2%2Fproduct_cat&post=21400"},{"taxonomy":"product_tag","embeddable":true,"href":"https:\/\/www.hanger-tools.com\/index.php?rest_route=%2Fwp%2Fv2%2Fproduct_tag&post=21400"}],"curies":[{"name":"wp","href":"https:\/\/api.w.org\/{rel}","templated":true}]}}