{"id":21384,"date":"2025-08-01T14:20:44","date_gmt":"2025-08-01T14:20:44","guid":{"rendered":"https:\/\/www.hanger-tools.com\/?product=pince-a-denuder-automatique-hanger"},"modified":"2025-10-31T09:06:07","modified_gmt":"2025-10-31T09:06:07","slug":"pince-a-denuder-automatique-hanger","status":"publish","type":"product","link":"https:\/\/www.hanger-tools.com\/?product=pince-a-denuder-automatique-hanger","title":{"rendered":"Pince \u00e0 d\u00e9nuder automatique Hanger"},"content":{"rendered":"<p>Pince \u00e0 d\u00e9nuder automatique pour tous les fils courants monobrin et multibrins. Coupe-fil lat\u00e9ral int\u00e9gr\u00e9 facile d\u2019acc\u00e8s, jusqu&rsquo;\u00e0 2 mm de diam\u00e8tre.<\/p>\n<p><strong>Caract\u00e9ristiques techniques : <\/strong><\/p>\n<ul>\n<li>Section de d\u00e9nudage : 0,2 \u00e0 6 mm\u00b2.<\/li>\n<li>Section de d\u00e9nudage AWG : 24 \u00e0 10.<\/li>\n<li>Longueur de d\u00e9nudage : 5 \u00e0 12 mm avec but\u00e9e de r\u00e9glage de la longueur. <\/li>\n<\/ul>\n","protected":false},"excerpt":{"rendered":"<p>\u2022 Encombrement minimum gr\u00e2ce au blocage de la pince.\u2022 D\u00e9nudage avec pr\u00e9cision.<\/p>\n","protected":false},"featured_media":18101,"template":"","meta":{"_acf_changed":false,"_et_pb_use_builder":"","_et_pb_old_content":"","_et_gb_content_width":"","_cloudinary_featured_overwrite":false},"product_brand":[],"product_cat":[15,4447,4450],"product_tag":[3974],"class_list":{"0":"post-21384","1":"product","2":"type-product","3":"status-publish","4":"has-post-thumbnail","6":"product_cat-produits","7":"product_cat-outils-a-mains","8":"product_cat-pinces","9":"product_tag-pince-a-denuder","11":"first","12":"outofstock","13":"shipping-taxable","14":"product-type-simple"},"acf":[],"amp_enabled":false,"_links":{"self":[{"href":"https:\/\/www.hanger-tools.com\/index.php?rest_route=\/wp\/v2\/product\/21384","targetHints":{"allow":["GET"]}}],"collection":[{"href":"https:\/\/www.hanger-tools.com\/index.php?rest_route=\/wp\/v2\/product"}],"about":[{"href":"https:\/\/www.hanger-tools.com\/index.php?rest_route=\/wp\/v2\/types\/product"}],"wp:featuredmedia":[{"embeddable":true,"href":"https:\/\/www.hanger-tools.com\/index.php?rest_route=\/wp\/v2\/media\/18101"}],"wp:attachment":[{"href":"https:\/\/www.hanger-tools.com\/index.php?rest_route=%2Fwp%2Fv2%2Fmedia&parent=21384"}],"wp:term":[{"taxonomy":"product_brand","embeddable":true,"href":"https:\/\/www.hanger-tools.com\/index.php?rest_route=%2Fwp%2Fv2%2Fproduct_brand&post=21384"},{"taxonomy":"product_cat","embeddable":true,"href":"https:\/\/www.hanger-tools.com\/index.php?rest_route=%2Fwp%2Fv2%2Fproduct_cat&post=21384"},{"taxonomy":"product_tag","embeddable":true,"href":"https:\/\/www.hanger-tools.com\/index.php?rest_route=%2Fwp%2Fv2%2Fproduct_tag&post=21384"}],"curies":[{"name":"wp","href":"https:\/\/api.w.org\/{rel}","templated":true}]}}