{"id":21378,"date":"2025-08-01T14:20:38","date_gmt":"2025-08-01T14:20:38","guid":{"rendered":"https:\/\/www.hanger-tools.com\/?product=jeu-de-6-tournevis-isoles-plats-et-cruciformes-hanger-132090"},"modified":"2025-10-28T13:35:14","modified_gmt":"2025-10-28T13:35:14","slug":"jeu-de-6-tournevis-isoles-plats-et-cruciformes-hanger-132090","status":"publish","type":"product","link":"https:\/\/www.hanger-tools.com\/?product=jeu-de-6-tournevis-isoles-plats-et-cruciformes-hanger-132090","title":{"rendered":"Jeu de 6 tournevis isol\u00e9s plats et cruciformes HANGER 132090"},"content":{"rendered":"<p>Ce jeu de 6 tournevis isol\u00e9s de la marque Hanger est parfaitement adapt\u00e9 aux travaux d&rsquo;\u00e9lectricit\u00e9, offrant une s\u00e9curit\u00e9 maximale. Les lames gain\u00e9es isol\u00e9es jusqu&rsquo;\u00e0 1000 V prot\u00e8gent contre les risques d&rsquo;\u00e9lectrocution, permettant de travailler en toute confiance autour de circuits \u00e9lectriques.<\/p>\n<p>Les tournevis de ce jeu sont \u00e9quip\u00e9s d&rsquo;une empreinte magn\u00e9tique, ce qui permet de garder les vis en place pendant les travaux.<\/p>\n<\/p>\n<p><b>Caract\u00e9ristiques techniques :<\/b><\/p>\n<ul>\n<li>Lames rondes gain\u00e9es<\/li>\n<li>Mat\u00e9riau de la lame : acier<\/li>\n<li>Type d\u2019empreinte: Phillips \/ Fente<\/li>\n<li>Type de manche: gain\u00e9 1000 V<\/li>\n<\/ul>\n","protected":false},"excerpt":{"rendered":"<p>Empreinte magn\u00e9tiqueLames gain\u00e9es isol\u00e9es jusqu&rsquo;\u00e0 1000 V<\/p>\n","protected":false},"featured_media":20662,"template":"","meta":{"_acf_changed":false,"_et_pb_use_builder":"","_et_pb_old_content":"","_et_gb_content_width":"","_cloudinary_featured_overwrite":false},"product_brand":[],"product_cat":[15],"product_tag":[3972],"class_list":{"0":"post-21378","1":"product","2":"type-product","3":"status-publish","4":"has-post-thumbnail","6":"product_cat-produits","7":"product_tag-coffret-de-tournevis","9":"first","10":"outofstock","11":"shipping-taxable","12":"product-type-simple"},"acf":[],"amp_enabled":false,"_links":{"self":[{"href":"https:\/\/www.hanger-tools.com\/index.php?rest_route=\/wp\/v2\/product\/21378","targetHints":{"allow":["GET"]}}],"collection":[{"href":"https:\/\/www.hanger-tools.com\/index.php?rest_route=\/wp\/v2\/product"}],"about":[{"href":"https:\/\/www.hanger-tools.com\/index.php?rest_route=\/wp\/v2\/types\/product"}],"wp:featuredmedia":[{"embeddable":true,"href":"https:\/\/www.hanger-tools.com\/index.php?rest_route=\/wp\/v2\/media\/20662"}],"wp:attachment":[{"href":"https:\/\/www.hanger-tools.com\/index.php?rest_route=%2Fwp%2Fv2%2Fmedia&parent=21378"}],"wp:term":[{"taxonomy":"product_brand","embeddable":true,"href":"https:\/\/www.hanger-tools.com\/index.php?rest_route=%2Fwp%2Fv2%2Fproduct_brand&post=21378"},{"taxonomy":"product_cat","embeddable":true,"href":"https:\/\/www.hanger-tools.com\/index.php?rest_route=%2Fwp%2Fv2%2Fproduct_cat&post=21378"},{"taxonomy":"product_tag","embeddable":true,"href":"https:\/\/www.hanger-tools.com\/index.php?rest_route=%2Fwp%2Fv2%2Fproduct_tag&post=21378"}],"curies":[{"name":"wp","href":"https:\/\/api.w.org\/{rel}","templated":true}]}}