{"id":21370,"date":"2025-08-01T14:20:30","date_gmt":"2025-08-01T14:20:30","guid":{"rendered":"https:\/\/www.hanger-tools.com\/?product=testeur-de-tension-tt-15b-hanger-180002"},"modified":"2025-10-28T13:35:29","modified_gmt":"2025-10-28T13:35:29","slug":"testeur-de-tension-tt-15b-hanger-180002","status":"publish","type":"product","link":"https:\/\/www.hanger-tools.com\/?product=testeur-de-tension-tt-15b-hanger-180002","title":{"rendered":"Testeur de tension TT 15B HANGER 180002"},"content":{"rendered":"<p>Le testeur de tension TT15B de la marque Hanger est un outil essentiel pour les \u00e9lectriciens et les professionnels de la maintenance \u00e9lectrique. Dot\u00e9 de leds, il permet un test rapide et fiable de la tension. Ce testeur peut automatiquement v\u00e9rifier la tension alternative AC ainsi que la tension continue DC, assurant ainsi une grande polyvalence d&rsquo;utilisation.<\/p>\n<p>En plus de tester la tension, le TT15B est \u00e9galement capable de v\u00e9rifier le champ magn\u00e9tique rotatif, avec un affichage de la direction de la phase. Cela permet de d\u00e9tecter les erreurs de c\u00e2blage ou les probl\u00e8mes de phase, facilitant ainsi le diagnostic des probl\u00e8mes \u00e9lectriques.<\/p>\n<p>Avec sa fonction de contr\u00f4le unipolaire de la phase, cet appareil garantit une utilisation s\u00fbre et efficace. De plus, il est \u00e9quip\u00e9 d&rsquo;une lampe de poche, ce qui en fait un outil pratique et polyvalent pour les interventions dans des environnements peu \u00e9clair\u00e9s. En r\u00e9sum\u00e9, le testeur de tension TT15B de Hanger est un outil indispensable pour garantir la s\u00e9curit\u00e9 et la fiabilit\u00e9 des installations \u00e9lectriques.<\/p>\n<\/p>\n<p><b>Caract\u00e9ristiques techniques :<\/b><\/p>\n<ul>\n<li>Tension : AC &#8211; DC<\/li>\n<li>Plage de tension : 12 &#8211; 690 V AC &#8211; DC<\/li>\n<li>Identification de la tension automatique<\/li>\n<li>Identification de la polarit\u00e9 sur toute la plage<\/li>\n<li>Plage de fr\u00e9quence : 0 &#8211; 400 Hz<\/li>\n<li>Poids : 210 g<\/li>\n<li>CAT IV : 600 V<\/li>\n<\/ul>\n<p><b>Norme :<\/b><\/p>\n<ul>\n<li>EN61010<\/li>\n<\/ul>\n","protected":false},"excerpt":{"rendered":"<p>Testeur rapide et fiable.\u00c9quip\u00e9 d&rsquo;une lampe de poche. <\/p>\n","protected":false},"featured_media":18242,"template":"","meta":{"_acf_changed":false,"_et_pb_use_builder":"","_et_pb_old_content":"","_et_gb_content_width":"","_cloudinary_featured_overwrite":false},"product_brand":[],"product_cat":[15],"product_tag":[3969],"class_list":{"0":"post-21370","1":"product","2":"type-product","3":"status-publish","4":"has-post-thumbnail","6":"product_cat-produits","7":"product_tag-testeur","9":"first","10":"outofstock","11":"shipping-taxable","12":"product-type-simple"},"acf":[],"amp_enabled":false,"_links":{"self":[{"href":"https:\/\/www.hanger-tools.com\/index.php?rest_route=\/wp\/v2\/product\/21370","targetHints":{"allow":["GET"]}}],"collection":[{"href":"https:\/\/www.hanger-tools.com\/index.php?rest_route=\/wp\/v2\/product"}],"about":[{"href":"https:\/\/www.hanger-tools.com\/index.php?rest_route=\/wp\/v2\/types\/product"}],"wp:featuredmedia":[{"embeddable":true,"href":"https:\/\/www.hanger-tools.com\/index.php?rest_route=\/wp\/v2\/media\/18242"}],"wp:attachment":[{"href":"https:\/\/www.hanger-tools.com\/index.php?rest_route=%2Fwp%2Fv2%2Fmedia&parent=21370"}],"wp:term":[{"taxonomy":"product_brand","embeddable":true,"href":"https:\/\/www.hanger-tools.com\/index.php?rest_route=%2Fwp%2Fv2%2Fproduct_brand&post=21370"},{"taxonomy":"product_cat","embeddable":true,"href":"https:\/\/www.hanger-tools.com\/index.php?rest_route=%2Fwp%2Fv2%2Fproduct_cat&post=21370"},{"taxonomy":"product_tag","embeddable":true,"href":"https:\/\/www.hanger-tools.com\/index.php?rest_route=%2Fwp%2Fv2%2Fproduct_tag&post=21370"}],"curies":[{"name":"wp","href":"https:\/\/api.w.org\/{rel}","templated":true}]}}