{"id":21358,"date":"2025-08-01T14:20:19","date_gmt":"2025-08-01T14:20:19","guid":{"rendered":"https:\/\/www.hanger-tools.com\/?product=coffret-dembouts-speciaux-54-pieces-hanger-250005"},"modified":"2025-10-28T13:35:24","modified_gmt":"2025-10-28T13:35:24","slug":"coffret-dembouts-speciaux-54-pieces-hanger-250005","status":"publish","type":"product","link":"https:\/\/www.hanger-tools.com\/?product=coffret-dembouts-speciaux-54-pieces-hanger-250005","title":{"rendered":"Coffret d&#8217;embouts sp\u00e9ciaux 54 pi\u00e8ces HANGER 250005"},"content":{"rendered":"<p>Le coffret d&#8217;embouts de la marque Hanger contient 50 embouts de 25 mm, offrant une large gamme pour diff\u00e9rentes applications de vissage. Ce coffret comprend \u00e9galement la plupart des embouts sp\u00e9ciaux de s\u00e9curit\u00e9, indispensables lors des interventions de contr\u00f4le d\u2019acc\u00e8s, garantissant ainsi une s\u00e9curit\u00e9 accrue pour l&rsquo;utilisateur.<\/p>\n<p>L&rsquo;int\u00e9gration d&rsquo;un porte-embout \u00e0 verrouillage automatique simplifie l&rsquo;utilisation, permettant un changement rapide et s\u00e9curis\u00e9 des embouts. En outre, le coffret inclut un embout porte douille et une douille porte embout 1\/4\u00a0\u00bb, augmentant ainsi la polyvalence de l&rsquo;ensemble. Cette vari\u00e9t\u00e9 d&rsquo;accessoires fait de ce coffret un choix adapt\u00e9 pour de multiples t\u00e2ches, allant des travaux de maintenance aux installations complexes.<\/p>\n<p>La poign\u00e9e porte-embout ajout\u00e9e dans le coffret am\u00e9liore la maniabilit\u00e9 et le confort lors des interventions prolong\u00e9es. Cette conception ergonomique permet une prise en main ferme et stable, r\u00e9duisant la fatigue de l&rsquo;utilisateur.<\/p>\n<p><strong>Caract\u00e9ristiques techniques :<\/strong><br \/>\u2022 Poign\u00e9e : ergonomique<br \/>\u2022 Diam\u00e8tre : 25 mm<br \/>\u2022 Carr\u00e9 d&rsquo;entrainement : 1\/4\u00a0\u00bb<\/p>\n","protected":false},"excerpt":{"rendered":"<p>Embouts sp\u00e9ciaux de s\u00e9curit\u00e9<\/p>\n","protected":false},"featured_media":19061,"template":"","meta":{"_acf_changed":false,"_et_pb_use_builder":"","_et_pb_old_content":"","_et_gb_content_width":"","_cloudinary_featured_overwrite":false},"product_brand":[],"product_cat":[15],"product_tag":[426],"class_list":{"0":"post-21358","1":"product","2":"type-product","3":"status-publish","4":"has-post-thumbnail","6":"product_cat-produits","7":"product_tag-coffret-dembouts","9":"first","10":"outofstock","11":"shipping-taxable","12":"product-type-simple"},"acf":[],"amp_enabled":false,"_links":{"self":[{"href":"https:\/\/www.hanger-tools.com\/index.php?rest_route=\/wp\/v2\/product\/21358","targetHints":{"allow":["GET"]}}],"collection":[{"href":"https:\/\/www.hanger-tools.com\/index.php?rest_route=\/wp\/v2\/product"}],"about":[{"href":"https:\/\/www.hanger-tools.com\/index.php?rest_route=\/wp\/v2\/types\/product"}],"wp:featuredmedia":[{"embeddable":true,"href":"https:\/\/www.hanger-tools.com\/index.php?rest_route=\/wp\/v2\/media\/19061"}],"wp:attachment":[{"href":"https:\/\/www.hanger-tools.com\/index.php?rest_route=%2Fwp%2Fv2%2Fmedia&parent=21358"}],"wp:term":[{"taxonomy":"product_brand","embeddable":true,"href":"https:\/\/www.hanger-tools.com\/index.php?rest_route=%2Fwp%2Fv2%2Fproduct_brand&post=21358"},{"taxonomy":"product_cat","embeddable":true,"href":"https:\/\/www.hanger-tools.com\/index.php?rest_route=%2Fwp%2Fv2%2Fproduct_cat&post=21358"},{"taxonomy":"product_tag","embeddable":true,"href":"https:\/\/www.hanger-tools.com\/index.php?rest_route=%2Fwp%2Fv2%2Fproduct_tag&post=21358"}],"curies":[{"name":"wp","href":"https:\/\/api.w.org\/{rel}","templated":true}]}}