{"id":21357,"date":"2025-08-01T14:20:18","date_gmt":"2025-08-01T14:20:18","guid":{"rendered":"https:\/\/www.hanger-tools.com\/?product=coffret-embouts-impact-hanger-31-pieces"},"modified":"2025-10-28T13:35:14","modified_gmt":"2025-10-28T13:35:14","slug":"coffret-embouts-impact-hanger-31-pieces","status":"publish","type":"product","link":"https:\/\/www.hanger-tools.com\/?product=coffret-embouts-impact-hanger-31-pieces","title":{"rendered":"Coffret embouts impact Hanger 31 pi\u00e8ces"},"content":{"rendered":"<p>Coffret impact 31 pi\u00e8ces comprenant  29 embouts impact S2 longueur 25 mm, 1 embout porte-douille impact S2 et 1 porte embout magn\u00e9tique impact de longueur 54 mm.<\/p>\n<p><strong>Contenu :<\/strong><\/p>\n<ul>\n<li>Plats : 4,5, 2&#215;5,5, 6,5 mm.<\/li>\n<li>Cruciformes : PH1, 2xPH2, PH3.<\/li>\n<li>Cruciformes : PZ1, 2xPZ2, PZ3.<\/li>\n<li>Six pans : 3, 4, 2&#215;5, 6 mm.<\/li>\n<li>Etoiles : TX10, TX15, 2xTX20, 2xTX25, TX27, 2xTX30, TX40.<\/li>\n<\/ul>\n","protected":false},"excerpt":{"rendered":"<p>Embouts impact<\/p>\n","protected":false},"featured_media":19306,"template":"","meta":{"_acf_changed":false,"_et_pb_use_builder":"","_et_pb_old_content":"","_et_gb_content_width":"","_cloudinary_featured_overwrite":false},"product_brand":[],"product_cat":[15],"product_tag":[426],"class_list":{"0":"post-21357","1":"product","2":"type-product","3":"status-publish","4":"has-post-thumbnail","6":"product_cat-produits","7":"product_tag-coffret-dembouts","9":"first","10":"outofstock","11":"shipping-taxable","12":"product-type-simple"},"acf":[],"amp_enabled":false,"_links":{"self":[{"href":"https:\/\/www.hanger-tools.com\/index.php?rest_route=\/wp\/v2\/product\/21357","targetHints":{"allow":["GET"]}}],"collection":[{"href":"https:\/\/www.hanger-tools.com\/index.php?rest_route=\/wp\/v2\/product"}],"about":[{"href":"https:\/\/www.hanger-tools.com\/index.php?rest_route=\/wp\/v2\/types\/product"}],"wp:featuredmedia":[{"embeddable":true,"href":"https:\/\/www.hanger-tools.com\/index.php?rest_route=\/wp\/v2\/media\/19306"}],"wp:attachment":[{"href":"https:\/\/www.hanger-tools.com\/index.php?rest_route=%2Fwp%2Fv2%2Fmedia&parent=21357"}],"wp:term":[{"taxonomy":"product_brand","embeddable":true,"href":"https:\/\/www.hanger-tools.com\/index.php?rest_route=%2Fwp%2Fv2%2Fproduct_brand&post=21357"},{"taxonomy":"product_cat","embeddable":true,"href":"https:\/\/www.hanger-tools.com\/index.php?rest_route=%2Fwp%2Fv2%2Fproduct_cat&post=21357"},{"taxonomy":"product_tag","embeddable":true,"href":"https:\/\/www.hanger-tools.com\/index.php?rest_route=%2Fwp%2Fv2%2Fproduct_tag&post=21357"}],"curies":[{"name":"wp","href":"https:\/\/api.w.org\/{rel}","templated":true}]}}