{"id":21354,"date":"2025-08-01T14:20:16","date_gmt":"2025-08-01T14:20:16","guid":{"rendered":"https:\/\/www.hanger-tools.com\/?product=coffret-dembouts-et-accessoire-11-pieces-hanger-250004"},"modified":"2025-10-28T13:35:24","modified_gmt":"2025-10-28T13:35:24","slug":"coffret-dembouts-et-accessoire-11-pieces-hanger-250004","status":"publish","type":"product","link":"https:\/\/www.hanger-tools.com\/?product=coffret-dembouts-et-accessoire-11-pieces-hanger-250004","title":{"rendered":"Coffret d&#8217;embouts et accessoire 11 pi\u00e8ces HANGER 250004"},"content":{"rendered":"<p>Le coffret Hanger de 11 pi\u00e8ces contient un ensemble complet d\u2019embouts et d\u2019un porte-embout magn\u00e9tique, offrant tout le n\u00e9cessaire pour des t\u00e2ches de vissage. Il comprend 10 embouts de 25 mm, fabriqu\u00e9s en acier S2 de haute qualit\u00e9, garantissant une bonne r\u00e9sistance \u00e0 l&rsquo;usure et une long\u00e9vit\u00e9 accrue. Le porte-embout magn\u00e9tique de 60 mm permet une prise facile et un ajustement s\u00e9curis\u00e9 des embouts, facilitant ainsi les travaux dans des espaces difficiles d\u2019acc\u00e8s.<\/p>\n<p>Ce coffret est con\u00e7u pour r\u00e9pondre \u00e0 des besoins vari\u00e9s gr\u00e2ce \u00e0 la diversit\u00e9 des embouts inclus. On y retrouve deux embouts plats de 0,6&#215;4,5 mm et 1&#215;5,5 mm, id\u00e9als pour les vis \u00e0 t\u00eate plate. Deux cruciformes PH (n\u00b01 et n\u00b02) et deux cruciformes PZ (n\u00b01 et n\u00b02) sont \u00e9galement inclus, offrant une compatibilit\u00e9 \u00e9tendue avec une vari\u00e9t\u00e9 de vis courantes. De plus, les embouts six pans de 3 et 5 mm ainsi que les embouts \u00e9toil\u00e9s TX n\u00b020 et n\u00b025 permettent de s\u2019attaquer \u00e0 des vis sp\u00e9cifiques, augmentant la polyvalence de l&rsquo;ensemble.<\/p>\n<p>L&rsquo;ensemble est livr\u00e9 dans un bo\u00eetier en plastique compact, pratique et robuste, \u00e9quip\u00e9 d&rsquo;un clip ceinture pour un transport facile et s\u00e9curis\u00e9. Ce design permet de garder les outils organis\u00e9s et accessibles, que ce soit dans un atelier ou sur un chantier. La conception du coffret permet de prot\u00e9ger les embouts et le porte-embout contre les \u00e9l\u00e9ments ext\u00e9rieurs, assurant une durabilit\u00e9 optimale pour une utilisation r\u00e9guli\u00e8re.<\/p>\n<\/p>\n<h3>Caract\u00e9ristiques techniques:<\/h3>\n<ul>\n<li>Mati\u00e8re: acier<\/li>\n<li>Nombre de pi\u00e8ces: 11<\/li>\n<li>Profil: plat, Phillips, Pozidriv, 6 pans et Torx<\/li>\n<\/ul>\n","protected":false},"excerpt":{"rendered":"<p>10 embouts S2 de 25 mm et 1 porte-embout magn\u00e9tique de 60 mm inclusConvient pour une large gamme de travaux de serrage avec ses embouts vari\u00e9sOutils fabriqu\u00e9s en acier de haute qualit\u00e9, offrant une r\u00e9sistance accrue \u00e0 l&rsquo;usure et \u00e0 la corrosion<\/p>\n","protected":false},"featured_media":19053,"template":"","meta":{"_acf_changed":false,"_et_pb_use_builder":"","_et_pb_old_content":"","_et_gb_content_width":"","_cloudinary_featured_overwrite":false},"product_brand":[],"product_cat":[15],"product_tag":[426],"class_list":{"0":"post-21354","1":"product","2":"type-product","3":"status-publish","4":"has-post-thumbnail","6":"product_cat-produits","7":"product_tag-coffret-dembouts","9":"first","10":"outofstock","11":"shipping-taxable","12":"product-type-simple"},"acf":[],"amp_enabled":false,"_links":{"self":[{"href":"https:\/\/www.hanger-tools.com\/index.php?rest_route=\/wp\/v2\/product\/21354","targetHints":{"allow":["GET"]}}],"collection":[{"href":"https:\/\/www.hanger-tools.com\/index.php?rest_route=\/wp\/v2\/product"}],"about":[{"href":"https:\/\/www.hanger-tools.com\/index.php?rest_route=\/wp\/v2\/types\/product"}],"wp:featuredmedia":[{"embeddable":true,"href":"https:\/\/www.hanger-tools.com\/index.php?rest_route=\/wp\/v2\/media\/19053"}],"wp:attachment":[{"href":"https:\/\/www.hanger-tools.com\/index.php?rest_route=%2Fwp%2Fv2%2Fmedia&parent=21354"}],"wp:term":[{"taxonomy":"product_brand","embeddable":true,"href":"https:\/\/www.hanger-tools.com\/index.php?rest_route=%2Fwp%2Fv2%2Fproduct_brand&post=21354"},{"taxonomy":"product_cat","embeddable":true,"href":"https:\/\/www.hanger-tools.com\/index.php?rest_route=%2Fwp%2Fv2%2Fproduct_cat&post=21354"},{"taxonomy":"product_tag","embeddable":true,"href":"https:\/\/www.hanger-tools.com\/index.php?rest_route=%2Fwp%2Fv2%2Fproduct_tag&post=21354"}],"curies":[{"name":"wp","href":"https:\/\/api.w.org\/{rel}","templated":true}]}}