{"id":21353,"date":"2025-08-01T14:20:15","date_gmt":"2025-08-01T14:20:15","guid":{"rendered":"https:\/\/www.hanger-tools.com\/?product=coffret-dembouts-49-pieces-hanger-250009"},"modified":"2025-10-28T13:35:24","modified_gmt":"2025-10-28T13:35:24","slug":"coffret-dembouts-49-pieces-hanger-250009","status":"publish","type":"product","link":"https:\/\/www.hanger-tools.com\/?product=coffret-dembouts-49-pieces-hanger-250009","title":{"rendered":"Coffret d&#8217;embouts 49 pi\u00e8ces HANGER 250009"},"content":{"rendered":"<p>Le coffret de 49 pi\u00e8ces de la marque Hanger est con\u00e7u pour r\u00e9pondre aux besoins diversifi\u00e9s des professionnels et des amateurs de bricolage. Il comprend 42 embouts de couleur S2 de 25 mm et 6 embouts de couleur S2 de 75 mm, offrant une flexibilit\u00e9 dans les applications de vissage. La pr\u00e9sence de bagues de couleur sur chaque embout facilite l&rsquo;identification rapide des empreintes, am\u00e9liorant ainsi l&rsquo;efficacit\u00e9 et l&rsquo;organisation du travail.<\/p>\n<p>La vari\u00e9t\u00e9 des longueurs d&#8217;embouts permet d&rsquo;aborder une multitude de t\u00e2ches avec pr\u00e9cision. Le porte-embout magn\u00e9tique de 60 mm inclus dans le coffret assure une fixation s\u00e9curis\u00e9e des embouts, augmentant le contr\u00f4le et la pr\u00e9cision lors de l&rsquo;utilisation. Cette caract\u00e9ristique est particuli\u00e8rement utile pour atteindre les zones difficiles d&rsquo;acc\u00e8s, rendant le coffret polyvalent pour une large gamme de projets.<\/p>\n<p>Les embouts en S2 garantissent une durabilit\u00e9 et une r\u00e9sistance accrues, supportant les conditions de travail intensives. Le coffret Hanger est con\u00e7u pour offrir une solution fiable et pratique pour toutes les t\u00e2ches de vissage, faisant de cet ensemble un outil indispensable dans tout atelier. Sa conception robuste et son organisation pens\u00e9e pour l&rsquo;utilisateur en font un choix judicieux pour ceux qui recherchent performance et efficacit\u00e9.<\/p>\n<\/p>\n<p><b>Caract\u00e9ristiques techniques:<\/b><\/p>\n<ul>\n<li>1 porte embout magn\u00e9tique de longueur 60 mm<\/li>\n<\/ul>\n<p><b>42 embouts couleurs S2 longueur 25 mm :<\/b><\/p>\n<ul>\n<li>7 embouts plats : 3 &#8211; 4 &#8211; 4,5 &#8211; 5 &#8211; 5,5 &#8211; 6 &#8211; 6,5 mm<\/li>\n<li>6 embouts cruciformes PH : PH1 &#8211; 4xPH2 &#8211; PH3<\/li>\n<li>6 embouts cruciformes PZ : PZ1 &#8211; 4xPZ2 &#8211; PZ3<\/li>\n<li>6 embouts six pans : 3 &#8211; 2&#215;4 &#8211; 2&#215;5 &#8211; 6 mm<\/li>\n<li>10 embouts \u00e9toiles : TX10 &#8211; 2xTX15 &#8211; 2xTX20 &#8211; 2xTX25 &#8211; TX27 &#8211; TX30 &#8211; TX40<\/li>\n<li>7 embouts \u00e9toiles perc\u00e9es : TTX10 &#8211; TTX15 &#8211; TTX20 &#8211; TTX25 &#8211; TTX27 &#8211; TTX30 &#8211; TTX40<\/li>\n<\/ul>\n<p><b>6 embouts couleurs S2 longueur 75 mm :<\/b><\/p>\n<ul>\n<li>1 embout plat : 4 mm<\/li>\n<li>1 embout cruciformes PH2<\/li>\n<li>1 embout cruciformes PZ2<\/li>\n<li>3 embouts \u00e9toiles : TX20 &#8211; TX25 &#8211; TX30<\/li>\n<\/ul>\n","protected":false},"excerpt":{"rendered":"<p>\u2022 Bague de couleur pour faciliter la lecture des empreintes.\u2022 Embouts de vissage de diff\u00e9rentes longueurs.<\/p>\n","protected":false},"featured_media":19317,"template":"","meta":{"_acf_changed":false,"_et_pb_use_builder":"","_et_pb_old_content":"","_et_gb_content_width":"","_cloudinary_featured_overwrite":false},"product_brand":[],"product_cat":[15],"product_tag":[426],"class_list":{"0":"post-21353","1":"product","2":"type-product","3":"status-publish","4":"has-post-thumbnail","6":"product_cat-produits","7":"product_tag-coffret-dembouts","9":"first","10":"outofstock","11":"shipping-taxable","12":"product-type-simple"},"acf":[],"amp_enabled":false,"_links":{"self":[{"href":"https:\/\/www.hanger-tools.com\/index.php?rest_route=\/wp\/v2\/product\/21353","targetHints":{"allow":["GET"]}}],"collection":[{"href":"https:\/\/www.hanger-tools.com\/index.php?rest_route=\/wp\/v2\/product"}],"about":[{"href":"https:\/\/www.hanger-tools.com\/index.php?rest_route=\/wp\/v2\/types\/product"}],"wp:featuredmedia":[{"embeddable":true,"href":"https:\/\/www.hanger-tools.com\/index.php?rest_route=\/wp\/v2\/media\/19317"}],"wp:attachment":[{"href":"https:\/\/www.hanger-tools.com\/index.php?rest_route=%2Fwp%2Fv2%2Fmedia&parent=21353"}],"wp:term":[{"taxonomy":"product_brand","embeddable":true,"href":"https:\/\/www.hanger-tools.com\/index.php?rest_route=%2Fwp%2Fv2%2Fproduct_brand&post=21353"},{"taxonomy":"product_cat","embeddable":true,"href":"https:\/\/www.hanger-tools.com\/index.php?rest_route=%2Fwp%2Fv2%2Fproduct_cat&post=21353"},{"taxonomy":"product_tag","embeddable":true,"href":"https:\/\/www.hanger-tools.com\/index.php?rest_route=%2Fwp%2Fv2%2Fproduct_tag&post=21353"}],"curies":[{"name":"wp","href":"https:\/\/api.w.org\/{rel}","templated":true}]}}