{"id":21352,"date":"2025-08-01T14:20:15","date_gmt":"2025-08-01T14:20:15","guid":{"rendered":"https:\/\/www.hanger-tools.com\/?product=coffret-embouts-et-noix-de-serrage-40-pieces-hanger-250008"},"modified":"2025-10-28T13:35:24","modified_gmt":"2025-10-28T13:35:24","slug":"coffret-embouts-et-noix-de-serrage-40-pieces-hanger-250008","status":"publish","type":"product","link":"https:\/\/www.hanger-tools.com\/?product=coffret-embouts-et-noix-de-serrage-40-pieces-hanger-250008","title":{"rendered":"Coffret embouts et noix de serrage 40 pi\u00e8ces HANGER 250008"},"content":{"rendered":"<p>Le coffret de 40 pi\u00e8ces de la marque Hanger offre une solution compl\u00e8te pour les besoins de vissage vari\u00e9s. Il comprend 21 embouts de couleur S2 de 25 mm et 14 embouts de couleur S2 de 50 mm, permettant de couvrir une large gamme de travaux. Les bagues de couleur sur les embouts facilitent l&rsquo;identification rapide des empreintes, ce qui simplifie l&rsquo;organisation et acc\u00e9l\u00e8re le travail.<\/p>\n<p>En plus des embouts, le coffret inclut trois noix de serrage en S2 de tailles 6, 8, 10, et 13 mm, offrant une polyvalence suppl\u00e9mentaire pour diff\u00e9rents types de serrage. Le porte-embout magn\u00e9tique de 60 mm assure une fixation s\u00e9curis\u00e9e des embouts, am\u00e9liorant la pr\u00e9cision et le contr\u00f4le lors des op\u00e9rations de vissage. La longueur de 60 mm permet \u00e9galement d&rsquo;atteindre des zones difficiles d&rsquo;acc\u00e8s, augmentant ainsi l&rsquo;efficacit\u00e9 de l&rsquo;utilisateur.<\/p>\n<p>Les embouts et les noix de serrage sont fabriqu\u00e9s en mat\u00e9riau S2, connu pour sa durabilit\u00e9 et sa r\u00e9sistance, garantissant une longue dur\u00e9e de vie m\u00eame sous des conditions de travail intensives. Ce coffret est id\u00e9al pour les professionnels et les amateurs exigeants, offrant une solution fiable et pratique pour une multitude de t\u00e2ches de vissage.<\/p>\n<\/p>\n<p><b>Caract\u00e9ristiques techniques:<\/b><\/p>\n<ul>\n<li>1 porte embout magn\u00e9tique de longueur 60 mm<\/li>\n<\/ul>\n<p><b>21 embouts couleurs S2 longueur 25 mm :<\/b><\/p>\n<ul>\n<li>3 embouts plats : 4 &#8211; 5 &#8211; 6 mm<\/li>\n<li>4 embouts cruciformes PH : PH1 &#8211; 2xPH2 &#8211; PH3<\/li>\n<li>4 embouts cruciformes PZ : PZ1 &#8211; 2xPZ2 &#8211; PZ3<\/li>\n<li>3 embouts six pans : 4 &#8211; 5 &#8211; 6 mm<\/li>\n<li>7 embouts \u00e9toiles : TX10 &#8211; TX15 &#8211; TX20 &#8211; TX25 &#8211; TX27 &#8211; TX30 &#8211; TX40<\/li>\n<\/ul>\n<p><b>14 embouts couleurs S2 longueur 50 mm :<\/b><\/p>\n<ul>\n<li>2 embouts plats : 4 &#8211; 6 mm<\/li>\n<li>4 embouts cruciformes PH : PH1 &#8211; 2xPH2 &#8211; PH3<\/li>\n<li>4 embouts cruciformes PZ : PZ1 &#8211; 2xPZ2 &#8211; PZ3<\/li>\n<li>4 embouts \u00e9toiles : 2xTX20 &#8211; TX25 &#8211; TX30<\/li>\n<\/ul>\n<p><b>3 noix de serrage S2 :<\/b><\/p>\n<ul>\n<li>6, 8, 10 et 13 mm<\/li>\n<\/ul>\n","protected":false},"excerpt":{"rendered":"<p>\u2022 Bague de couleur pour faciliter la lecture des empreintes.\u2022 Embouts de vissage de diff\u00e9rentes longueurs.<\/p>\n","protected":false},"featured_media":19311,"template":"","meta":{"_acf_changed":false,"_et_pb_use_builder":"","_et_pb_old_content":"","_et_gb_content_width":"","_cloudinary_featured_overwrite":false},"product_brand":[],"product_cat":[15],"product_tag":[426],"class_list":{"0":"post-21352","1":"product","2":"type-product","3":"status-publish","4":"has-post-thumbnail","6":"product_cat-produits","7":"product_tag-coffret-dembouts","9":"first","10":"outofstock","11":"shipping-taxable","12":"product-type-simple"},"acf":[],"amp_enabled":false,"_links":{"self":[{"href":"https:\/\/www.hanger-tools.com\/index.php?rest_route=\/wp\/v2\/product\/21352","targetHints":{"allow":["GET"]}}],"collection":[{"href":"https:\/\/www.hanger-tools.com\/index.php?rest_route=\/wp\/v2\/product"}],"about":[{"href":"https:\/\/www.hanger-tools.com\/index.php?rest_route=\/wp\/v2\/types\/product"}],"wp:featuredmedia":[{"embeddable":true,"href":"https:\/\/www.hanger-tools.com\/index.php?rest_route=\/wp\/v2\/media\/19311"}],"wp:attachment":[{"href":"https:\/\/www.hanger-tools.com\/index.php?rest_route=%2Fwp%2Fv2%2Fmedia&parent=21352"}],"wp:term":[{"taxonomy":"product_brand","embeddable":true,"href":"https:\/\/www.hanger-tools.com\/index.php?rest_route=%2Fwp%2Fv2%2Fproduct_brand&post=21352"},{"taxonomy":"product_cat","embeddable":true,"href":"https:\/\/www.hanger-tools.com\/index.php?rest_route=%2Fwp%2Fv2%2Fproduct_cat&post=21352"},{"taxonomy":"product_tag","embeddable":true,"href":"https:\/\/www.hanger-tools.com\/index.php?rest_route=%2Fwp%2Fv2%2Fproduct_tag&post=21352"}],"curies":[{"name":"wp","href":"https:\/\/api.w.org\/{rel}","templated":true}]}}