{"id":21332,"date":"2025-08-01T14:19:59","date_gmt":"2025-08-01T14:19:59","guid":{"rendered":"https:\/\/www.hanger-tools.com\/?product=trepan-carbure-sds-plus-diametre-30-mm-hanger-thor-150701"},"modified":"2025-10-28T13:35:35","modified_gmt":"2025-10-28T13:35:35","slug":"trepan-carbure-sds-plus-diametre-30-mm-hanger-thor-150701","status":"publish","type":"product","link":"https:\/\/www.hanger-tools.com\/?product=trepan-carbure-sds-plus-diametre-30-mm-hanger-thor-150701","title":{"rendered":"Tr\u00e9pan carbure SDS Plus diam\u00e8tre 30 mm HANGER THOR 150701"},"content":{"rendered":"<p>Ce tr\u00e9pan carbure SDS+ THOR de la marque Hanger est con\u00e7u pour r\u00e9pondre aux exigences des t\u00e2ches de per\u00e7age les plus difficiles. Sa construction robuste et ses mat\u00e9riaux de haute qualit\u00e9 garantissent une grande durabilit\u00e9, m\u00eame lorsqu&rsquo;il est utilis\u00e9 dans des mat\u00e9riaux durs tels que le b\u00e9ton et la brique.<\/p>\n<p>Le tr\u00e9pan carbure est sp\u00e9cialement recommand\u00e9 pour une utilisation avec des marteaux perforateurs puissants, d&rsquo;une puissance sup\u00e9rieure \u00e0 800 W. Cette compatibilit\u00e9 garantit une performance optimale et une efficacit\u00e9 maximale lors du per\u00e7age dans les mat\u00e9riaux les plus durs.<\/p>\n<p>En plus de sa robustesse et de sa compatibilit\u00e9 avec les marteaux perforateurs puissants, le tr\u00e9pan carbure est polyvalent dans son utilisation. Il est capable de travailler en percussion dans des mat\u00e9riaux durs tels que le b\u00e9ton et la brique, ainsi qu&rsquo;en rotation simple dans des mat\u00e9riaux de construction plus r\u00e9cents comme le pl\u00e2tre et le siporex.<\/p>\n<\/p>\n<p><b>Caract\u00e9ristiques techniques:<\/b><\/p>\n<ul>\n<li>Dents carbure<\/li>\n<li>Filetage: M16<\/li>\n<li>Longueur totale : 70 mm<\/li>\n<li>Longueur utile : 50 mm<\/li>\n<\/ul>\n<p><b>Applications: <\/b><\/p>\n<ul>\n<li>B\u00e9ton, brique, mat\u00e9riaux de construction, pl\u00e2tre, siporex&#8230;<\/li>\n<\/ul>\n","protected":false},"excerpt":{"rendered":"<p>\u2022Dents en carbure.\u2022Recommand\u00e9 pour les marteaux perforateurs puissants.<\/p>\n","protected":false},"featured_media":20757,"template":"","meta":{"_acf_changed":false,"_et_pb_use_builder":"","_et_pb_old_content":"","_et_gb_content_width":"","_cloudinary_featured_overwrite":false},"product_brand":[],"product_cat":[15],"product_tag":[3937],"class_list":{"0":"post-21332","1":"product","2":"type-product","3":"status-publish","4":"has-post-thumbnail","6":"product_cat-produits","7":"product_tag-scie-cloche-et-trepan","9":"first","10":"outofstock","11":"shipping-taxable","12":"product-type-simple"},"acf":[],"amp_enabled":false,"_links":{"self":[{"href":"https:\/\/www.hanger-tools.com\/index.php?rest_route=\/wp\/v2\/product\/21332","targetHints":{"allow":["GET"]}}],"collection":[{"href":"https:\/\/www.hanger-tools.com\/index.php?rest_route=\/wp\/v2\/product"}],"about":[{"href":"https:\/\/www.hanger-tools.com\/index.php?rest_route=\/wp\/v2\/types\/product"}],"wp:featuredmedia":[{"embeddable":true,"href":"https:\/\/www.hanger-tools.com\/index.php?rest_route=\/wp\/v2\/media\/20757"}],"wp:attachment":[{"href":"https:\/\/www.hanger-tools.com\/index.php?rest_route=%2Fwp%2Fv2%2Fmedia&parent=21332"}],"wp:term":[{"taxonomy":"product_brand","embeddable":true,"href":"https:\/\/www.hanger-tools.com\/index.php?rest_route=%2Fwp%2Fv2%2Fproduct_brand&post=21332"},{"taxonomy":"product_cat","embeddable":true,"href":"https:\/\/www.hanger-tools.com\/index.php?rest_route=%2Fwp%2Fv2%2Fproduct_cat&post=21332"},{"taxonomy":"product_tag","embeddable":true,"href":"https:\/\/www.hanger-tools.com\/index.php?rest_route=%2Fwp%2Fv2%2Fproduct_tag&post=21332"}],"curies":[{"name":"wp","href":"https:\/\/api.w.org\/{rel}","templated":true}]}}