{"id":21232,"date":"2025-08-01T14:18:50","date_gmt":"2025-08-01T14:18:50","guid":{"rendered":"https:\/\/www.hanger-tools.com\/?product=meuleuse-dangle-900-w-gr-900c-125-mm-hanger-411001"},"modified":"2025-10-28T13:35:29","modified_gmt":"2025-10-28T13:35:29","slug":"meuleuse-dangle-900-w-gr-900c-125-mm-hanger-411001","status":"publish","type":"product","link":"https:\/\/www.hanger-tools.com\/?product=meuleuse-dangle-900-w-gr-900c-125-mm-hanger-411001","title":{"rendered":"Meuleuse d\u2019angle 900 W GR-900C 125 mm HANGER 411001"},"content":{"rendered":"<p>La meuleuse d\u2019angle GR-900C de la marque Hanger est l&rsquo;outil indispensable pour les professionnels du b\u00e2timent et les bricoleurs avertis. Dot\u00e9e d&rsquo;une puissance nominale de 900 W et adapt\u00e9e aux disques de 125 mm avec un al\u00e9sage de 22,2 mm, elle assure une performance \u00e9lev\u00e9e pour les travaux de coupe et de meulage sur diff\u00e9rents mat\u00e9riaux. De plus, sa vitesse \u00e0 vide de 12000 tours\/minute garantit des r\u00e9sultats rapides et pr\u00e9cis, m\u00eame pour les t\u00e2ches les plus exigeantes.<\/p>\n<p>La GR-900C se distingue par son design compact et ergonomique, avec une conception de corps mince facilitant la prise en main et r\u00e9duisant la fatigue lors des travaux prolong\u00e9s. Son d\u00e9marrage progressif permet un contr\u00f4le accru de l\u2019appareil d\u00e8s l\u2019allumage, tandis que l\u2019interrupteur coulissant march\u00e9\/arr\u00eat assure une manipulation simple et s\u00e9curis\u00e9e. Le c\u00e2ble de 4 m\u00e8tres et son faible poids offre une libert\u00e9 de mouvement accrue, indispensable sur les chantiers.<\/p>\n<p>En plus de ses performances, cette meuleuse est con\u00e7ue pour durer. En effet, elle est \u00e9quip\u00e9e d&rsquo;un syst\u00e8me d&rsquo;arr\u00eat automatique des balais en cas d\u2019usure, garantissant une long\u00e9vit\u00e9 accrue de l&rsquo;appareil. Son filetage de broche M14 permet une fixation rapide et s\u00e9curis\u00e9e des accessoires, rendant la GR-900C un outil polyvalent et fiable pour tout type de projet.<\/p>\n<\/p>\n<p><b>Caract\u00e9ristiques techniques:<\/b><\/p>\n<ul>\n<li>Puissance nominale: 900 W<\/li>\n<li>Tension nominale: 200 &#8211; 240 V ~ 50 Hz<\/li>\n<li>Diam\u00e8tre disque : 125 mm<\/li>\n<li>Al\u00e9sage: 22,2 mm<\/li>\n<li>Taille du filetage de la broche : M14<\/li>\n<li>Vitesse \u00e0 vide nominale: 12000 tr\/min<\/li>\n<li>C\u00e2ble 4 m H07RNF 2 x 1 mm\u00b2<\/li>\n<li>Poids de la machine: 1,5 kg<\/li>\n<\/ul>\n","protected":false},"excerpt":{"rendered":"<p>Puissance \u00e9lev\u00e9eConception du corps minceRobustesse accrue<\/p>\n","protected":false},"featured_media":20632,"template":"","meta":{"_acf_changed":false,"_et_pb_use_builder":"","_et_pb_old_content":"","_et_gb_content_width":"","_cloudinary_featured_overwrite":false},"product_brand":[],"product_cat":[15],"product_tag":[3918],"class_list":{"0":"post-21232","1":"product","2":"type-product","3":"status-publish","4":"has-post-thumbnail","6":"product_cat-produits","7":"product_tag-meuleuse-dangle","9":"first","10":"outofstock","11":"shipping-taxable","12":"product-type-simple"},"acf":[],"amp_enabled":false,"_links":{"self":[{"href":"https:\/\/www.hanger-tools.com\/index.php?rest_route=\/wp\/v2\/product\/21232","targetHints":{"allow":["GET"]}}],"collection":[{"href":"https:\/\/www.hanger-tools.com\/index.php?rest_route=\/wp\/v2\/product"}],"about":[{"href":"https:\/\/www.hanger-tools.com\/index.php?rest_route=\/wp\/v2\/types\/product"}],"wp:featuredmedia":[{"embeddable":true,"href":"https:\/\/www.hanger-tools.com\/index.php?rest_route=\/wp\/v2\/media\/20632"}],"wp:attachment":[{"href":"https:\/\/www.hanger-tools.com\/index.php?rest_route=%2Fwp%2Fv2%2Fmedia&parent=21232"}],"wp:term":[{"taxonomy":"product_brand","embeddable":true,"href":"https:\/\/www.hanger-tools.com\/index.php?rest_route=%2Fwp%2Fv2%2Fproduct_brand&post=21232"},{"taxonomy":"product_cat","embeddable":true,"href":"https:\/\/www.hanger-tools.com\/index.php?rest_route=%2Fwp%2Fv2%2Fproduct_cat&post=21232"},{"taxonomy":"product_tag","embeddable":true,"href":"https:\/\/www.hanger-tools.com\/index.php?rest_route=%2Fwp%2Fv2%2Fproduct_tag&post=21232"}],"curies":[{"name":"wp","href":"https:\/\/api.w.org\/{rel}","templated":true}]}}