{"id":21227,"date":"2025-08-01T14:18:45","date_gmt":"2025-08-01T14:18:45","guid":{"rendered":"https:\/\/www.hanger-tools.com\/?product=diable-aluminium-repliable-70-kg-hanger-100300"},"modified":"2025-10-28T13:35:51","modified_gmt":"2025-10-28T13:35:51","slug":"diable-aluminium-repliable-70-kg-hanger-100300","status":"publish","type":"product","link":"https:\/\/www.hanger-tools.com\/?product=diable-aluminium-repliable-70-kg-hanger-100300","title":{"rendered":"Diable aluminium repliable 70 kg HANGER 100300"},"content":{"rendered":"<p>Ce diable pliable en aluminium de la marque Hanger est id\u00e9al pour transporter tous les colis. Il est capable de supporter des charges allant jusqu&rsquo;\u00e0 70 kg maximum. Enti\u00e8rement pliable, ce diable est simple \u00e0 manipuler et pratique \u00e0 transporter.<\/p>\n","protected":false},"excerpt":{"rendered":"<p>Transport facile et pratique<\/p>\n","protected":false},"featured_media":18442,"template":"","meta":{"_acf_changed":false,"_et_pb_use_builder":"","_et_pb_old_content":"","_et_gb_content_width":"","_cloudinary_featured_overwrite":false},"product_brand":[],"product_cat":[15],"product_tag":[3917],"class_list":{"0":"post-21227","1":"product","2":"type-product","3":"status-publish","4":"has-post-thumbnail","6":"product_cat-produits","7":"product_tag-diable","9":"first","10":"outofstock","11":"shipping-taxable","12":"product-type-simple"},"acf":[],"amp_enabled":false,"_links":{"self":[{"href":"https:\/\/www.hanger-tools.com\/index.php?rest_route=\/wp\/v2\/product\/21227","targetHints":{"allow":["GET"]}}],"collection":[{"href":"https:\/\/www.hanger-tools.com\/index.php?rest_route=\/wp\/v2\/product"}],"about":[{"href":"https:\/\/www.hanger-tools.com\/index.php?rest_route=\/wp\/v2\/types\/product"}],"wp:featuredmedia":[{"embeddable":true,"href":"https:\/\/www.hanger-tools.com\/index.php?rest_route=\/wp\/v2\/media\/18442"}],"wp:attachment":[{"href":"https:\/\/www.hanger-tools.com\/index.php?rest_route=%2Fwp%2Fv2%2Fmedia&parent=21227"}],"wp:term":[{"taxonomy":"product_brand","embeddable":true,"href":"https:\/\/www.hanger-tools.com\/index.php?rest_route=%2Fwp%2Fv2%2Fproduct_brand&post=21227"},{"taxonomy":"product_cat","embeddable":true,"href":"https:\/\/www.hanger-tools.com\/index.php?rest_route=%2Fwp%2Fv2%2Fproduct_cat&post=21227"},{"taxonomy":"product_tag","embeddable":true,"href":"https:\/\/www.hanger-tools.com\/index.php?rest_route=%2Fwp%2Fv2%2Fproduct_tag&post=21227"}],"curies":[{"name":"wp","href":"https:\/\/api.w.org\/{rel}","templated":true}]}}