{"id":21213,"date":"2025-08-01T14:18:28","date_gmt":"2025-08-01T14:18:28","guid":{"rendered":"https:\/\/www.hanger-tools.com\/?product=cliquet-reversible-extensible-1-2-72-dents-hanger-251096"},"modified":"2025-08-01T14:18:29","modified_gmt":"2025-08-01T14:18:29","slug":"cliquet-reversible-extensible-1-2-72-dents-hanger-251096","status":"publish","type":"product","link":"https:\/\/www.hanger-tools.com\/?product=cliquet-reversible-extensible-1-2-72-dents-hanger-251096","title":{"rendered":"Cliquet r\u00e9versible extensible 1\/2&prime; 72 dents HANGER 251096"},"content":{"rendered":"<p>Ce cliquet extensible 1\/2&prime; de la marque Hanger est \u00e9quip\u00e9 d&rsquo;un m\u00e9canisme 72 dents offrant une action pr\u00e9cise, m\u00eame dans les espaces restreints. Ce m\u00e9canisme permet une rotation fluide et efficace, garantissant ainsi un serrage pr\u00e9cis et un desserrage sans effort.<\/p>\n<p>Avec ses 3 positions de verrouillage, le cliquet extensible offre une flexibilit\u00e9 optimale pour s&rsquo;adapter \u00e0 diff\u00e9rents angles et positions de travail. Cette caract\u00e9ristique permet de travailler avec confort et efficacit\u00e9, en choisissant la position la plus adapt\u00e9e \u00e0 chaque t\u00e2che.<\/p>\n<p>Le cliquet est dot\u00e9 d&rsquo;une extension r\u00e9glable de 305 \u00e0 445 mm, permettant ainsi de s\u2019adapter \u00e0 diff\u00e9rentes situations de travail. Cette caract\u00e9ristique offre une port\u00e9e \u00e9tendue, permettant d&rsquo;atteindre des endroits difficiles d&rsquo;acc\u00e8s avec facilit\u00e9.<\/p>\n<\/p>\n<p><b>Caract\u00e9ristiques techniques :<\/b><\/p>\n<ul>\n<li>M\u00e9canisme 72 dents<\/li>\n<li>Extension de 305 \u00e0 445 mm<\/li>\n<li>3 positions de verrouillage<\/li>\n<li>Poign\u00e9e: bi-mati\u00e8re<\/li>\n<li>Longueur t\u00eate : 75 mm<\/li>\n<\/ul>\n","protected":false},"excerpt":{"rendered":"<p>Flexibilit\u00e9 optimaleM\u00e9canisme 72 dentsExtension r\u00e9glable de 305 \u00e0 445 mm<\/p>\n","protected":false},"featured_media":18589,"template":"","meta":{"_acf_changed":false,"_et_pb_use_builder":"","_et_pb_old_content":"","_et_gb_content_width":"","_cloudinary_featured_overwrite":false},"product_brand":[],"product_cat":[15],"product_tag":[3909],"class_list":{"0":"post-21213","1":"product","2":"type-product","3":"status-publish","4":"has-post-thumbnail","6":"product_cat-produits","7":"product_tag-cliquet-reversible","9":"first","10":"outofstock","11":"shipping-taxable","12":"product-type-simple"},"acf":[],"amp_enabled":false,"_links":{"self":[{"href":"https:\/\/www.hanger-tools.com\/index.php?rest_route=\/wp\/v2\/product\/21213","targetHints":{"allow":["GET"]}}],"collection":[{"href":"https:\/\/www.hanger-tools.com\/index.php?rest_route=\/wp\/v2\/product"}],"about":[{"href":"https:\/\/www.hanger-tools.com\/index.php?rest_route=\/wp\/v2\/types\/product"}],"wp:featuredmedia":[{"embeddable":true,"href":"https:\/\/www.hanger-tools.com\/index.php?rest_route=\/wp\/v2\/media\/18589"}],"wp:attachment":[{"href":"https:\/\/www.hanger-tools.com\/index.php?rest_route=%2Fwp%2Fv2%2Fmedia&parent=21213"}],"wp:term":[{"taxonomy":"product_brand","embeddable":true,"href":"https:\/\/www.hanger-tools.com\/index.php?rest_route=%2Fwp%2Fv2%2Fproduct_brand&post=21213"},{"taxonomy":"product_cat","embeddable":true,"href":"https:\/\/www.hanger-tools.com\/index.php?rest_route=%2Fwp%2Fv2%2Fproduct_cat&post=21213"},{"taxonomy":"product_tag","embeddable":true,"href":"https:\/\/www.hanger-tools.com\/index.php?rest_route=%2Fwp%2Fv2%2Fproduct_tag&post=21213"}],"curies":[{"name":"wp","href":"https:\/\/api.w.org\/{rel}","templated":true}]}}