{"id":21168,"date":"2025-08-01T14:17:49","date_gmt":"2025-08-01T14:17:49","guid":{"rendered":"https:\/\/www.hanger-tools.com\/?product=set-de-5-ciseaux-a-bois-xpro-a-frapper-6-10-15-20-25-mm-hanger-110591"},"modified":"2025-08-01T14:17:49","modified_gmt":"2025-08-01T14:17:49","slug":"set-de-5-ciseaux-a-bois-xpro-a-frapper-6-10-15-20-25-mm-hanger-110591","status":"publish","type":"product","link":"https:\/\/www.hanger-tools.com\/?product=set-de-5-ciseaux-a-bois-xpro-a-frapper-6-10-15-20-25-mm-hanger-110591","title":{"rendered":"Set de 5 ciseaux \u00e0 bois XPRO \u00e0 frapper 6 &#8211; 10 &#8211; 15 &#8211; 20 &#8211; 25 mm HANGER 110591"},"content":{"rendered":"<p>Ce set de la marque Hanger est compos\u00e9 de 5 ciseaux \u00e0 bois avec un manche bi-mati\u00e8re en ac\u00e9tate et polyur\u00e9thane pour un confort maximal et une lame en acier de haute qualit\u00e9 durcie et tremp\u00e9e pour une longue dur\u00e9e de vie.<\/p>\n<\/p>\n<p><b>Caract\u00e9ristiques techniques :<\/b><\/p>\n<ul>\n<li>Large embout en acier r\u00e9sistant aux coups de marteau r\u00e9p\u00e9t\u00e9s<\/li>\n<li>Lame traversante pour assurer une liaison manche\/lame optimale<\/li>\n<li>Longueur totale : 260 mm<\/li>\n<li>Longueur de la lame : 140 mm<\/li>\n<\/ul>\n","protected":false},"excerpt":{"rendered":"<p>\u2022Lame en acier de haute qualit\u00e9.\u2022Lame traversante.<\/p>\n","protected":false},"featured_media":18481,"template":"","meta":{"_acf_changed":false,"_et_pb_use_builder":"","_et_pb_old_content":"","_et_gb_content_width":"","_cloudinary_featured_overwrite":false},"product_brand":[],"product_cat":[15],"product_tag":[3855],"class_list":{"0":"post-21168","1":"product","2":"type-product","3":"status-publish","4":"has-post-thumbnail","6":"product_cat-produits","7":"product_tag-ciseau-a-bois","9":"first","10":"outofstock","11":"shipping-taxable","12":"product-type-simple"},"acf":[],"amp_enabled":false,"_links":{"self":[{"href":"https:\/\/www.hanger-tools.com\/index.php?rest_route=\/wp\/v2\/product\/21168","targetHints":{"allow":["GET"]}}],"collection":[{"href":"https:\/\/www.hanger-tools.com\/index.php?rest_route=\/wp\/v2\/product"}],"about":[{"href":"https:\/\/www.hanger-tools.com\/index.php?rest_route=\/wp\/v2\/types\/product"}],"wp:featuredmedia":[{"embeddable":true,"href":"https:\/\/www.hanger-tools.com\/index.php?rest_route=\/wp\/v2\/media\/18481"}],"wp:attachment":[{"href":"https:\/\/www.hanger-tools.com\/index.php?rest_route=%2Fwp%2Fv2%2Fmedia&parent=21168"}],"wp:term":[{"taxonomy":"product_brand","embeddable":true,"href":"https:\/\/www.hanger-tools.com\/index.php?rest_route=%2Fwp%2Fv2%2Fproduct_brand&post=21168"},{"taxonomy":"product_cat","embeddable":true,"href":"https:\/\/www.hanger-tools.com\/index.php?rest_route=%2Fwp%2Fv2%2Fproduct_cat&post=21168"},{"taxonomy":"product_tag","embeddable":true,"href":"https:\/\/www.hanger-tools.com\/index.php?rest_route=%2Fwp%2Fv2%2Fproduct_tag&post=21168"}],"curies":[{"name":"wp","href":"https:\/\/api.w.org\/{rel}","templated":true}]}}