{"id":21165,"date":"2025-08-01T14:17:47","date_gmt":"2025-08-01T14:17:47","guid":{"rendered":"https:\/\/www.hanger-tools.com\/?product=lime-plate-emmanchee-hanger"},"modified":"2025-08-01T14:17:47","modified_gmt":"2025-08-01T14:17:47","slug":"lime-plate-emmanchee-hanger","status":"publish","type":"product","link":"https:\/\/www.hanger-tools.com\/?product=lime-plate-emmanchee-hanger","title":{"rendered":"Lime plate emmanch\u00e9e Hanger"},"content":{"rendered":"<p>Poign\u00e9e bi-mati\u00e8re antid\u00e9rapante. <br \/>En acier carbone de haute qualit\u00e9.<\/p>\n","protected":false},"excerpt":{"rendered":"<p>Poign\u00e9e bi-mati\u00e8re antid\u00e9rapante. En acier carbone de haute qualit\u00e9.<\/p>\n","protected":false},"featured_media":17493,"template":"","meta":{"_acf_changed":false,"_et_pb_use_builder":"","_et_pb_old_content":"","_et_gb_content_width":"","_cloudinary_featured_overwrite":false},"product_brand":[],"product_cat":[15],"product_tag":[3853],"class_list":{"0":"post-21165","1":"product","2":"type-product","3":"status-publish","4":"has-post-thumbnail","6":"product_cat-produits","7":"product_tag-lime-plate","9":"first","10":"outofstock","11":"shipping-taxable","12":"product-type-simple"},"acf":[],"amp_enabled":false,"_links":{"self":[{"href":"https:\/\/www.hanger-tools.com\/index.php?rest_route=\/wp\/v2\/product\/21165","targetHints":{"allow":["GET"]}}],"collection":[{"href":"https:\/\/www.hanger-tools.com\/index.php?rest_route=\/wp\/v2\/product"}],"about":[{"href":"https:\/\/www.hanger-tools.com\/index.php?rest_route=\/wp\/v2\/types\/product"}],"wp:featuredmedia":[{"embeddable":true,"href":"https:\/\/www.hanger-tools.com\/index.php?rest_route=\/wp\/v2\/media\/17493"}],"wp:attachment":[{"href":"https:\/\/www.hanger-tools.com\/index.php?rest_route=%2Fwp%2Fv2%2Fmedia&parent=21165"}],"wp:term":[{"taxonomy":"product_brand","embeddable":true,"href":"https:\/\/www.hanger-tools.com\/index.php?rest_route=%2Fwp%2Fv2%2Fproduct_brand&post=21165"},{"taxonomy":"product_cat","embeddable":true,"href":"https:\/\/www.hanger-tools.com\/index.php?rest_route=%2Fwp%2Fv2%2Fproduct_cat&post=21165"},{"taxonomy":"product_tag","embeddable":true,"href":"https:\/\/www.hanger-tools.com\/index.php?rest_route=%2Fwp%2Fv2%2Fproduct_tag&post=21165"}],"curies":[{"name":"wp","href":"https:\/\/api.w.org\/{rel}","templated":true}]}}