{"id":21147,"date":"2025-08-01T14:17:33","date_gmt":"2025-08-01T14:17:33","guid":{"rendered":"https:\/\/www.hanger-tools.com\/?product=jeu-de-lames-de-scie-a-metaux-hardflex-a-8-dents-paquet-de-10-300-mm-hanger-150100"},"modified":"2025-10-28T13:35:14","modified_gmt":"2025-10-28T13:35:14","slug":"jeu-de-lames-de-scie-a-metaux-hardflex-a-8-dents-paquet-de-10-300-mm-hanger-150100","status":"publish","type":"product","link":"https:\/\/www.hanger-tools.com\/?product=jeu-de-lames-de-scie-a-metaux-hardflex-a-8-dents-paquet-de-10-300-mm-hanger-150100","title":{"rendered":"Jeu de lames de scie \u00e0 m\u00e9taux HARDFLEX \u00e0 8 dents paquet de 10 300 mm HANGER 150100"},"content":{"rendered":"<p>Les lames HARDFLEX Hanger sont \u00e9quip\u00e9es d\u2019une denture ondul\u00e9e permettant une coupe fluide et r\u00e9guli\u00e8re. Ce profil sp\u00e9cifique r\u00e9duit les risques d\u2019accrocs et favorise une d\u00e9coupe pr\u00e9cise, adapt\u00e9e aux diff\u00e9rents types de m\u00e9taux.<\/p>\n<p>Gr\u00e2ce \u00e0 un proc\u00e9d\u00e9 de trempe \u00e9tag\u00e9e, ces lames b\u00e9n\u00e9ficient d\u2019une structure robuste qui am\u00e9liore leur dur\u00e9e de vie. La conception assure un \u00e9quilibre entre souplesse et solidit\u00e9, \u00e9vitant les cassures lors des d\u00e9coupes prolong\u00e9es ou sur des mat\u00e9riaux r\u00e9sistants.<\/p>\n<p>Ces lames sont pens\u00e9es pour offrir un confort d\u2019utilisation et une prise en main efficace. Leur flexibilit\u00e9 contr\u00f4l\u00e9e limite les vibrations tout en garantissant une bonne stabilit\u00e9 lors des d\u00e9coupes. Livr\u00e9es en paquet de 10, elles assurent une continuit\u00e9 de travail sans interruption.<\/p>\n<\/p>\n<h3>Caract\u00e9ristiques techniques:<\/h3>\n<ul>\n<li>Type de denture: ondul\u00e9es<\/li>\n<li>Nombre de pi\u00e8ces: 10<\/li>\n<li>Longueur: 300 mm<\/li>\n<\/ul>\n","protected":false},"excerpt":{"rendered":"<p>Un ensemble de 10 lames de scie \u00e0 m\u00e9taux pour divers travaux Lame de conception robuste avec trempes \u00e9tag\u00e9es assurant une grande r\u00e9sistance \u00e0 l&rsquo;usure  et \u00e0 un usage intensifDenture ondul\u00e9e offrant une coupe nette et pr\u00e9cise<\/p>\n","protected":false},"featured_media":18873,"template":"","meta":{"_acf_changed":false,"_et_pb_use_builder":"","_et_pb_old_content":"","_et_gb_content_width":"","_cloudinary_featured_overwrite":false},"product_brand":[],"product_cat":[15],"product_tag":[3840],"class_list":{"0":"post-21147","1":"product","2":"type-product","3":"status-publish","4":"has-post-thumbnail","6":"product_cat-produits","7":"product_tag-lame-de-scie-a-metaux","9":"first","10":"outofstock","11":"shipping-taxable","12":"product-type-simple"},"acf":[],"amp_enabled":false,"_links":{"self":[{"href":"https:\/\/www.hanger-tools.com\/index.php?rest_route=\/wp\/v2\/product\/21147","targetHints":{"allow":["GET"]}}],"collection":[{"href":"https:\/\/www.hanger-tools.com\/index.php?rest_route=\/wp\/v2\/product"}],"about":[{"href":"https:\/\/www.hanger-tools.com\/index.php?rest_route=\/wp\/v2\/types\/product"}],"wp:featuredmedia":[{"embeddable":true,"href":"https:\/\/www.hanger-tools.com\/index.php?rest_route=\/wp\/v2\/media\/18873"}],"wp:attachment":[{"href":"https:\/\/www.hanger-tools.com\/index.php?rest_route=%2Fwp%2Fv2%2Fmedia&parent=21147"}],"wp:term":[{"taxonomy":"product_brand","embeddable":true,"href":"https:\/\/www.hanger-tools.com\/index.php?rest_route=%2Fwp%2Fv2%2Fproduct_brand&post=21147"},{"taxonomy":"product_cat","embeddable":true,"href":"https:\/\/www.hanger-tools.com\/index.php?rest_route=%2Fwp%2Fv2%2Fproduct_cat&post=21147"},{"taxonomy":"product_tag","embeddable":true,"href":"https:\/\/www.hanger-tools.com\/index.php?rest_route=%2Fwp%2Fv2%2Fproduct_tag&post=21147"}],"curies":[{"name":"wp","href":"https:\/\/api.w.org\/{rel}","templated":true}]}}