{"id":21141,"date":"2025-08-01T14:17:28","date_gmt":"2025-08-01T14:17:28","guid":{"rendered":"https:\/\/www.hanger-tools.com\/?product=telemetre-laser-lm-50-hanger-190003"},"modified":"2025-10-31T09:23:42","modified_gmt":"2025-10-31T09:23:42","slug":"telemetre-laser-lm-50-hanger-190003","status":"publish","type":"product","link":"https:\/\/www.hanger-tools.com\/?product=telemetre-laser-lm-50-hanger-190003","title":{"rendered":"T\u00e9l\u00e9m\u00e8tre laser LM 50 HANGER 190003"},"content":{"rendered":"<p>Le t\u00e9l\u00e9m\u00e8tre laser de la marque Hanger est un outil polyvalent dot\u00e9 de multiples fonctions de calcul, offrant une solution pratique pour toutes vos mesures. Avec sa port\u00e9e allant jusqu&rsquo;\u00e0 50 m de distance, il permet de mesurer rapidement et pr\u00e9cis\u00e9ment une vari\u00e9t\u00e9 de distances sans avoir besoin de plusieurs appareils.<\/p>\n<\/p>\n<p><b>Caract\u00e9ristiques techniques:<\/b><\/p>\n<ul>\n<li>Mesures simples et continues<\/li>\n<li>Mesures indirectes par th\u00e9or\u00e8me de Pythagore<\/li>\n<li>Calcul des surfaces et des volumes<\/li>\n<li>Mesures par niveau \u00e0 bulle int\u00e9gr\u00e9<\/li>\n<li>M\u00e9morisation des 30 derni\u00e8res valeurs mesur\u00e9es<\/li>\n<li>Prise de mesure \u00e0 retardement par minuterie<\/li>\n<li>Fonctionne avec piles AAA (3&#215;1,5 V) fournies dans la boite<\/li>\n<li>Laser classe II<\/li>\n<\/ul>\n","protected":false},"excerpt":{"rendered":"<p>\u2022Rev\u00eatement soft touch.\u2022M\u00e9morisation des 30 derni\u00e8res valeurs.<\/p>\n","protected":false},"featured_media":19232,"template":"","meta":{"_acf_changed":false,"_et_pb_use_builder":"","_et_pb_old_content":"","_et_gb_content_width":"","_cloudinary_featured_overwrite":false},"product_brand":[],"product_cat":[15,4454,4457],"product_tag":[3837],"class_list":{"0":"post-21141","1":"product","2":"type-product","3":"status-publish","4":"has-post-thumbnail","6":"product_cat-produits","7":"product_cat-mesure-tracage","8":"product_cat-telemetres","9":"product_tag-telemetre-laser","11":"first","12":"outofstock","13":"shipping-taxable","14":"product-type-simple"},"acf":[],"amp_enabled":false,"_links":{"self":[{"href":"https:\/\/www.hanger-tools.com\/index.php?rest_route=\/wp\/v2\/product\/21141","targetHints":{"allow":["GET"]}}],"collection":[{"href":"https:\/\/www.hanger-tools.com\/index.php?rest_route=\/wp\/v2\/product"}],"about":[{"href":"https:\/\/www.hanger-tools.com\/index.php?rest_route=\/wp\/v2\/types\/product"}],"wp:featuredmedia":[{"embeddable":true,"href":"https:\/\/www.hanger-tools.com\/index.php?rest_route=\/wp\/v2\/media\/19232"}],"wp:attachment":[{"href":"https:\/\/www.hanger-tools.com\/index.php?rest_route=%2Fwp%2Fv2%2Fmedia&parent=21141"}],"wp:term":[{"taxonomy":"product_brand","embeddable":true,"href":"https:\/\/www.hanger-tools.com\/index.php?rest_route=%2Fwp%2Fv2%2Fproduct_brand&post=21141"},{"taxonomy":"product_cat","embeddable":true,"href":"https:\/\/www.hanger-tools.com\/index.php?rest_route=%2Fwp%2Fv2%2Fproduct_cat&post=21141"},{"taxonomy":"product_tag","embeddable":true,"href":"https:\/\/www.hanger-tools.com\/index.php?rest_route=%2Fwp%2Fv2%2Fproduct_tag&post=21141"}],"curies":[{"name":"wp","href":"https:\/\/api.w.org\/{rel}","templated":true}]}}