{"id":4793,"date":"2020-12-07T09:54:57","date_gmt":"2020-12-07T09:54:57","guid":{"rendered":"http:\/\/35.181.53.204\/?page_id=4793"},"modified":"2025-08-06T06:49:57","modified_gmt":"2025-08-06T06:49:57","slug":"la-marque","status":"publish","type":"page","link":"https:\/\/www.hanger-tools.com\/?page_id=4793","title":{"rendered":"La Marque"},"content":{"rendered":"<p>[et_pb_section admin_label=\u00a0\u00bbsection\u00a0\u00bb]<br \/>\n\t\t\t[et_pb_row admin_label=\u00a0\u00bbrow\u00a0\u00bb]<br \/>\n\t\t\t\t[et_pb_column type=\u00a0\u00bb4_4&Prime;][et_pb_text admin_label=\u00a0\u00bbText\u00a0\u00bb]<\/p>\n<h1 style=\"font-family: 'Oswald', helvetica, arial, sans-serif; font-weight: var( --e-global-typography-primary-font-weight ); color: #ffff; font-size: 44px; text-align: center;\">La Marque<\/h1>\n<p>                                                <img decoding=\"async\" width=\"150\" height=\"150\" src=\"http:\/\/hanger-tools.com\/wp-content\/uploads\/2021\/01\/Plan-de-travail-1-2-150x150.png\" alt=\"20 ans d&#039;expertise\" loading=\"lazy\" srcset=\"https:\/\/hanger-tools.com\/wp-content\/uploads\/2021\/01\/Plan-de-travail-1-2-150x150.png 150w, https:\/\/hanger-tools.com\/wp-content\/uploads\/2021\/01\/Plan-de-travail-1-2-300x300.png 300w, https:\/\/hanger-tools.com\/wp-content\/uploads\/2021\/01\/Plan-de-travail-1-2-1024x1024.png 1024w, https:\/\/hanger-tools.com\/wp-content\/uploads\/2021\/01\/Plan-de-travail-1-2-768x768.png 768w, https:\/\/hanger-tools.com\/wp-content\/uploads\/2021\/01\/Plan-de-travail-1-2-400x400.png 400w, https:\/\/hanger-tools.com\/wp-content\/uploads\/2021\/01\/Plan-de-travail-1-2-100x100.png 100w, https:\/\/hanger-tools.com\/wp-content\/uploads\/2021\/01\/Plan-de-travail-1-2-350x350.png 350w, https:\/\/hanger-tools.com\/wp-content\/uploads\/2021\/01\/Plan-de-travail-1-2-600x600.png 600w, https:\/\/hanger-tools.com\/wp-content\/uploads\/2021\/01\/Plan-de-travail-1-2.png 1080w\" sizes=\"(max-width: 150px) 100vw, 150px\" \/><br \/>\n                                                <img decoding=\"async\" width=\"150\" height=\"150\" src=\"http:\/\/hanger-tools.com\/wp-content\/uploads\/2021\/01\/Plan-de-travail-2-150x150.png\" alt=\"3000 r\u00e9f\u00e9rences\" loading=\"lazy\" srcset=\"https:\/\/hanger-tools.com\/wp-content\/uploads\/2021\/01\/Plan-de-travail-2-150x150.png 150w, https:\/\/hanger-tools.com\/wp-content\/uploads\/2021\/01\/Plan-de-travail-2-300x300.png 300w, https:\/\/hanger-tools.com\/wp-content\/uploads\/2021\/01\/Plan-de-travail-2-1024x1024.png 1024w, https:\/\/hanger-tools.com\/wp-content\/uploads\/2021\/01\/Plan-de-travail-2-768x768.png 768w, https:\/\/hanger-tools.com\/wp-content\/uploads\/2021\/01\/Plan-de-travail-2-400x400.png 400w, https:\/\/hanger-tools.com\/wp-content\/uploads\/2021\/01\/Plan-de-travail-2-100x100.png 100w, https:\/\/hanger-tools.com\/wp-content\/uploads\/2021\/01\/Plan-de-travail-2-350x350.png 350w, https:\/\/hanger-tools.com\/wp-content\/uploads\/2021\/01\/Plan-de-travail-2-600x600.png 600w, https:\/\/hanger-tools.com\/wp-content\/uploads\/2021\/01\/Plan-de-travail-2.png 1080w\" sizes=\"(max-width: 150px) 100vw, 150px\" \/><br \/>\n                                                <img decoding=\"async\" width=\"150\" height=\"150\" src=\"http:\/\/hanger-tools.com\/wp-content\/uploads\/2021\/01\/Plan-de-travail-3-150x150.png\" alt=\"Plus de 100 revendeurs\" loading=\"lazy\" srcset=\"https:\/\/hanger-tools.com\/wp-content\/uploads\/2021\/01\/Plan-de-travail-3-150x150.png 150w, https:\/\/hanger-tools.com\/wp-content\/uploads\/2021\/01\/Plan-de-travail-3-300x300.png 300w, https:\/\/hanger-tools.com\/wp-content\/uploads\/2021\/01\/Plan-de-travail-3-1024x1024.png 1024w, https:\/\/hanger-tools.com\/wp-content\/uploads\/2021\/01\/Plan-de-travail-3-768x768.png 768w, https:\/\/hanger-tools.com\/wp-content\/uploads\/2021\/01\/Plan-de-travail-3-400x400.png 400w, https:\/\/hanger-tools.com\/wp-content\/uploads\/2021\/01\/Plan-de-travail-3-100x100.png 100w, https:\/\/hanger-tools.com\/wp-content\/uploads\/2021\/01\/Plan-de-travail-3-350x350.png 350w, https:\/\/hanger-tools.com\/wp-content\/uploads\/2021\/01\/Plan-de-travail-3-600x600.png 600w, https:\/\/hanger-tools.com\/wp-content\/uploads\/2021\/01\/Plan-de-travail-3.png 1080w\" sizes=\"(max-width: 150px) 100vw, 150px\" \/>                                                            <\/p>\n<h2 style=\"font-family: Eina03, 'Helvetica Neue', helvetica, arial, sans-serif; font-weight: var( --e-global-typography-primary-font-weight ); color: #212121;\" data-elementor-setting-key=\"title\" data-pen-placeholder=\"\u00c9crivez ici...\">Offrir aux professionnels des outils de la plus Haute Qualit\u00e9 est l&rsquo;objectif n\u00b01 d&rsquo;HANGER<\/h2>\n<p><b>HANGER<\/b> met \u00e0 disposition des professionnels une large gamme de produits sur le march\u00e9 de l\u2019outillage.<\/p>\n<p>La diversit\u00e9 de notre offre r\u00e9sulte de la ma\u00eetrise parfaite des diff\u00e9rentes \u00e9tapes de d\u00e9veloppement de nos produits et ce, de la conception \u00e0 la production, jusqu\u2019\u00e0 la commercialisation et le service apr\u00e8s-vente.\u00a0Cette <b style=\"color: var( --e-global-color-text ); font-size: 1rem;\">obsession de qualit\u00e9<\/b>, associ\u00e9e \u00e0 une <b style=\"color: var( --e-global-color-text ); font-size: 1rem;\">force<\/b>\u00a0<b>d\u2019innovation<\/b> <b>constante<\/b> visant \u00e0 couvrir l\u2019ensemble\u00a0des besoins en outillage de nos clients, nous\u00a0permet de rendre les conditions d\u2019utilisations\u00a0de nos outils <b>agr\u00e9ables, efficaces et s\u00fbres<\/b>.\u00a0Toujours dans une d\u00e9marche de qualit\u00e9,\u00a0les produits <b>HANGER<\/b> disposent de diff\u00e9rents\u00a0niveaux de\u00a0<a href=\"http:\/\/dev.hanger-tools.com\/garantie\" target=\"_blank\" rel=\"noopener\"><b><u>garantie<\/u><\/b><\/a>. La qualit\u00e9 ainsi que la technicit\u00e9\u00a0des produits <b>HANGER<\/b> font de cette marque\u00a0une valeur s\u00fbre, fait par des professionnels,\u00a0pour des professionnels.\u00a0Retrouvez <b style=\"color: var( --e-global-color-text ); font-size: 1rem;\">HANGER<\/b> \u00e0 travers tous les points\u00a0de ventes de nos revendeurs sur l\u2019ensemble\u00a0de la France. Ces nombreux points\u00a0de ventes assurent la livraison et la prise\u00a0en charge des outils sous garantie*.<\/p>\n<p><i>*Selon niveau de garantie appliqu\u00e9.<\/i><\/p>\n<p>                                                <img decoding=\"async\" width=\"150\" height=\"150\" src=\"http:\/\/hanger-tools.com\/wp-content\/uploads\/2021\/01\/Plan-de-travail-1-copie-150x150.png\" alt=\"1 plateforme logistique de 12 000m\u00b2\" loading=\"lazy\" srcset=\"https:\/\/hanger-tools.com\/wp-content\/uploads\/2021\/01\/Plan-de-travail-1-copie-150x150.png 150w, https:\/\/hanger-tools.com\/wp-content\/uploads\/2021\/01\/Plan-de-travail-1-copie-300x300.png 300w, https:\/\/hanger-tools.com\/wp-content\/uploads\/2021\/01\/Plan-de-travail-1-copie-1024x1024.png 1024w, https:\/\/hanger-tools.com\/wp-content\/uploads\/2021\/01\/Plan-de-travail-1-copie-768x769.png 768w, https:\/\/hanger-tools.com\/wp-content\/uploads\/2021\/01\/Plan-de-travail-1-copie-400x400.png 400w, https:\/\/hanger-tools.com\/wp-content\/uploads\/2021\/01\/Plan-de-travail-1-copie-100x100.png 100w, https:\/\/hanger-tools.com\/wp-content\/uploads\/2021\/01\/Plan-de-travail-1-copie-350x350.png 350w, https:\/\/hanger-tools.com\/wp-content\/uploads\/2021\/01\/Plan-de-travail-1-copie-600x601.png 600w, https:\/\/hanger-tools.com\/wp-content\/uploads\/2021\/01\/Plan-de-travail-1-copie.png 1080w\" sizes=\"(max-width: 150px) 100vw, 150px\" \/><br \/>\n                                                <img decoding=\"async\" width=\"150\" height=\"150\" src=\"http:\/\/hanger-tools.com\/wp-content\/uploads\/2021\/01\/Plan-de-travail-2-copie-150x150.png\" alt=\"1 roadshow dans toute la France !\" loading=\"lazy\" srcset=\"https:\/\/hanger-tools.com\/wp-content\/uploads\/2021\/01\/Plan-de-travail-2-copie-150x150.png 150w, https:\/\/hanger-tools.com\/wp-content\/uploads\/2021\/01\/Plan-de-travail-2-copie-300x300.png 300w, https:\/\/hanger-tools.com\/wp-content\/uploads\/2021\/01\/Plan-de-travail-2-copie-1024x1024.png 1024w, https:\/\/hanger-tools.com\/wp-content\/uploads\/2021\/01\/Plan-de-travail-2-copie-768x769.png 768w, https:\/\/hanger-tools.com\/wp-content\/uploads\/2021\/01\/Plan-de-travail-2-copie-400x400.png 400w, https:\/\/hanger-tools.com\/wp-content\/uploads\/2021\/01\/Plan-de-travail-2-copie-100x100.png 100w, https:\/\/hanger-tools.com\/wp-content\/uploads\/2021\/01\/Plan-de-travail-2-copie-350x350.png 350w, https:\/\/hanger-tools.com\/wp-content\/uploads\/2021\/01\/Plan-de-travail-2-copie-600x601.png 600w, https:\/\/hanger-tools.com\/wp-content\/uploads\/2021\/01\/Plan-de-travail-2-copie.png 1080w\" sizes=\"(max-width: 150px) 100vw, 150px\" \/><br \/>\n                                                <img decoding=\"async\" width=\"150\" height=\"150\" src=\"http:\/\/hanger-tools.com\/wp-content\/uploads\/2021\/01\/Plan-de-travail-3-copie-150x150.png\" alt=\"Vos produits disponibles en 24\" loading=\"lazy\" srcset=\"https:\/\/hanger-tools.com\/wp-content\/uploads\/2021\/01\/Plan-de-travail-3-copie-150x150.png 150w, https:\/\/hanger-tools.com\/wp-content\/uploads\/2021\/01\/Plan-de-travail-3-copie-300x300.png 300w, https:\/\/hanger-tools.com\/wp-content\/uploads\/2021\/01\/Plan-de-travail-3-copie-1024x1024.png 1024w, https:\/\/hanger-tools.com\/wp-content\/uploads\/2021\/01\/Plan-de-travail-3-copie-768x769.png 768w, https:\/\/hanger-tools.com\/wp-content\/uploads\/2021\/01\/Plan-de-travail-3-copie-400x400.png 400w, https:\/\/hanger-tools.com\/wp-content\/uploads\/2021\/01\/Plan-de-travail-3-copie-100x100.png 100w, https:\/\/hanger-tools.com\/wp-content\/uploads\/2021\/01\/Plan-de-travail-3-copie-350x350.png 350w, https:\/\/hanger-tools.com\/wp-content\/uploads\/2021\/01\/Plan-de-travail-3-copie-600x601.png 600w, https:\/\/hanger-tools.com\/wp-content\/uploads\/2021\/01\/Plan-de-travail-3-copie.png 1080w\" sizes=\"(max-width: 150px) 100vw, 150px\" \/>                                                            <\/p>\n<h2>Retrouvez-nous pr\u00e8s de chez vous et suivez-nous sur les r\u00e9seaux sociaux !<\/h2>\n<p>\t\t\t\t\t<a href=\"https:\/\/www.facebook.com\/Hanger.Tools\/\" target=\"_blank\" rel=\"noopener\"><br \/>\n\t\t\t\t\t\tFacebook<br \/>\n\t\t\t\t\t\t\t\t\t\t\t<\/a><br \/>\n\t\t\t\t\t<a href=\"https:\/\/www.instagram.com\/hanger.tools\/\" target=\"_blank\" rel=\"noopener\"><br \/>\n\t\t\t\t\t\tInstagram<br \/>\n\t\t\t\t\t\t\t\t\t\t\t<\/a><br \/>\n\t\t\t\t\t<a href=\"https:\/\/www.linkedin.com\/company\/hanger-tools\/\" target=\"_blank\" rel=\"noopener\"><br \/>\n\t\t\t\t\t\tLinkedin<br \/>\n\t\t\t\t\t\t\t\t\t\t\t<\/a><br \/>\n\t\t\t\t\t<a href=\"https:\/\/www.youtube.com\/channel\/UC-0Ol5PDkJMI88Yq4kzd7zg\/about\" target=\"_blank\" rel=\"noopener\"><br \/>\n\t\t\t\t\t\tYoutube<br \/>\n\t\t\t\t\t\t\t\t\t\t\t<\/a>[\/et_pb_text][\/et_pb_column]<br \/>\n\t\t\t[\/et_pb_row]<br \/>\n\t\t[\/et_pb_section]<\/p>\n","protected":false},"excerpt":{"rendered":"<p>La Marque Offrir aux professionnels des outils de la plus Haute Qualit\u00e9 est l&rsquo;objectif n\u00b01 d&rsquo;HANGERHANGER met \u00e0 disposition des professionnels une large gamme de produits sur le march\u00e9 de l\u2019outillage.La diversit\u00e9 de notre offre r\u00e9sulte de la ma\u00eetrise parfaite des diff\u00e9rentes \u00e9tapes de d\u00e9veloppement de nos produits et ce, de la conception \u00e0 la [&hellip;]<\/p>\n","protected":false},"author":1,"featured_media":0,"parent":0,"menu_order":0,"comment_status":"closed","ping_status":"closed","template":"","meta":{"_acf_changed":false,"_et_pb_use_builder":"on","_et_pb_old_content":"<h1 style=\"font-family: 'Oswald', helvetica, arial, sans-serif; font-weight: var( --e-global-typography-primary-font-weight ); color: #ffff; font-size: 44px; text-align: center;\">La Marque<\/h1>\t\t\n                                                <img width=\"150\" height=\"150\" src=\"http:\/\/hanger-tools.com\/wp-content\/uploads\/2021\/01\/Plan-de-travail-1-2-150x150.png\" alt=\"20 ans d&#039;expertise\" loading=\"lazy\" srcset=\"https:\/\/hanger-tools.com\/wp-content\/uploads\/2021\/01\/Plan-de-travail-1-2-150x150.png 150w, https:\/\/hanger-tools.com\/wp-content\/uploads\/2021\/01\/Plan-de-travail-1-2-300x300.png 300w, https:\/\/hanger-tools.com\/wp-content\/uploads\/2021\/01\/Plan-de-travail-1-2-1024x1024.png 1024w, https:\/\/hanger-tools.com\/wp-content\/uploads\/2021\/01\/Plan-de-travail-1-2-768x768.png 768w, https:\/\/hanger-tools.com\/wp-content\/uploads\/2021\/01\/Plan-de-travail-1-2-400x400.png 400w, https:\/\/hanger-tools.com\/wp-content\/uploads\/2021\/01\/Plan-de-travail-1-2-100x100.png 100w, https:\/\/hanger-tools.com\/wp-content\/uploads\/2021\/01\/Plan-de-travail-1-2-350x350.png 350w, https:\/\/hanger-tools.com\/wp-content\/uploads\/2021\/01\/Plan-de-travail-1-2-600x600.png 600w, https:\/\/hanger-tools.com\/wp-content\/uploads\/2021\/01\/Plan-de-travail-1-2.png 1080w\" sizes=\"(max-width: 150px) 100vw, 150px\" \/>                                                            \n                                                <img width=\"150\" height=\"150\" src=\"http:\/\/hanger-tools.com\/wp-content\/uploads\/2021\/01\/Plan-de-travail-2-150x150.png\" alt=\"3000 r\u00e9f\u00e9rences\" loading=\"lazy\" srcset=\"https:\/\/hanger-tools.com\/wp-content\/uploads\/2021\/01\/Plan-de-travail-2-150x150.png 150w, https:\/\/hanger-tools.com\/wp-content\/uploads\/2021\/01\/Plan-de-travail-2-300x300.png 300w, https:\/\/hanger-tools.com\/wp-content\/uploads\/2021\/01\/Plan-de-travail-2-1024x1024.png 1024w, https:\/\/hanger-tools.com\/wp-content\/uploads\/2021\/01\/Plan-de-travail-2-768x768.png 768w, https:\/\/hanger-tools.com\/wp-content\/uploads\/2021\/01\/Plan-de-travail-2-400x400.png 400w, https:\/\/hanger-tools.com\/wp-content\/uploads\/2021\/01\/Plan-de-travail-2-100x100.png 100w, https:\/\/hanger-tools.com\/wp-content\/uploads\/2021\/01\/Plan-de-travail-2-350x350.png 350w, https:\/\/hanger-tools.com\/wp-content\/uploads\/2021\/01\/Plan-de-travail-2-600x600.png 600w, https:\/\/hanger-tools.com\/wp-content\/uploads\/2021\/01\/Plan-de-travail-2.png 1080w\" sizes=\"(max-width: 150px) 100vw, 150px\" \/>                                                            \n                                                <img width=\"150\" height=\"150\" src=\"http:\/\/hanger-tools.com\/wp-content\/uploads\/2021\/01\/Plan-de-travail-3-150x150.png\" alt=\"Plus de 100 revendeurs\" loading=\"lazy\" srcset=\"https:\/\/hanger-tools.com\/wp-content\/uploads\/2021\/01\/Plan-de-travail-3-150x150.png 150w, https:\/\/hanger-tools.com\/wp-content\/uploads\/2021\/01\/Plan-de-travail-3-300x300.png 300w, https:\/\/hanger-tools.com\/wp-content\/uploads\/2021\/01\/Plan-de-travail-3-1024x1024.png 1024w, https:\/\/hanger-tools.com\/wp-content\/uploads\/2021\/01\/Plan-de-travail-3-768x768.png 768w, https:\/\/hanger-tools.com\/wp-content\/uploads\/2021\/01\/Plan-de-travail-3-400x400.png 400w, https:\/\/hanger-tools.com\/wp-content\/uploads\/2021\/01\/Plan-de-travail-3-100x100.png 100w, https:\/\/hanger-tools.com\/wp-content\/uploads\/2021\/01\/Plan-de-travail-3-350x350.png 350w, https:\/\/hanger-tools.com\/wp-content\/uploads\/2021\/01\/Plan-de-travail-3-600x600.png 600w, https:\/\/hanger-tools.com\/wp-content\/uploads\/2021\/01\/Plan-de-travail-3.png 1080w\" sizes=\"(max-width: 150px) 100vw, 150px\" \/>                                                            \n\t\t<h2 style=\"font-family: Eina03, 'Helvetica Neue', helvetica, arial, sans-serif; font-weight: var( --e-global-typography-primary-font-weight ); color: #212121;\" data-elementor-setting-key=\"title\" data-pen-placeholder=\"\u00c9crivez ici...\">Offrir aux professionnels des outils de la plus Haute Qualit\u00e9 est l'objectif n\u00b01 d'HANGER<\/h2><p><b>HANGER<\/b> met \u00e0 disposition des professionnels une large gamme de produits sur le march\u00e9 de l\u2019outillage.<\/p><p>La diversit\u00e9 de notre offre r\u00e9sulte de la ma\u00eetrise parfaite des diff\u00e9rentes \u00e9tapes de d\u00e9veloppement de nos produits et ce, de la conception \u00e0 la production, jusqu\u2019\u00e0 la commercialisation et le service apr\u00e8s-vente.\u00a0Cette <b style=\"color: var( --e-global-color-text ); font-size: 1rem;\">obsession de qualit\u00e9<\/b>, associ\u00e9e \u00e0 une <b style=\"color: var( --e-global-color-text ); font-size: 1rem;\">force<\/b>\u00a0<b>d\u2019innovation<\/b> <b>constante<\/b> visant \u00e0 couvrir l\u2019ensemble\u00a0des besoins en outillage de nos clients, nous\u00a0permet de rendre les conditions d\u2019utilisations\u00a0de nos outils <b>agr\u00e9ables, efficaces et s\u00fbres<\/b>.\u00a0Toujours dans une d\u00e9marche de qualit\u00e9,\u00a0les produits <b>HANGER<\/b> disposent de diff\u00e9rents\u00a0niveaux de\u00a0<a href=\"http:\/\/dev.hanger-tools.com\/garantie\" target=\"_blank\" rel=\"noopener\"><b><u>garantie<\/u><\/b><\/a>. La qualit\u00e9 ainsi que la technicit\u00e9\u00a0des produits <b>HANGER<\/b> font de cette marque\u00a0une valeur s\u00fbre, fait par des professionnels,\u00a0pour des professionnels.\u00a0Retrouvez <b style=\"color: var( --e-global-color-text ); font-size: 1rem;\">HANGER<\/b> \u00e0 travers tous les points\u00a0de ventes de nos revendeurs sur l\u2019ensemble\u00a0de la France. Ces nombreux points\u00a0de ventes assurent la livraison et la prise\u00a0en charge des outils sous garantie*.<\/p><p><i>*Selon niveau de garantie appliqu\u00e9.<\/i><\/p>\t\t\n                                                <img width=\"150\" height=\"150\" src=\"http:\/\/hanger-tools.com\/wp-content\/uploads\/2021\/01\/Plan-de-travail-1-copie-150x150.png\" alt=\"1 plateforme logistique de 12 000m\u00b2\" loading=\"lazy\" srcset=\"https:\/\/hanger-tools.com\/wp-content\/uploads\/2021\/01\/Plan-de-travail-1-copie-150x150.png 150w, https:\/\/hanger-tools.com\/wp-content\/uploads\/2021\/01\/Plan-de-travail-1-copie-300x300.png 300w, https:\/\/hanger-tools.com\/wp-content\/uploads\/2021\/01\/Plan-de-travail-1-copie-1024x1024.png 1024w, https:\/\/hanger-tools.com\/wp-content\/uploads\/2021\/01\/Plan-de-travail-1-copie-768x769.png 768w, https:\/\/hanger-tools.com\/wp-content\/uploads\/2021\/01\/Plan-de-travail-1-copie-400x400.png 400w, https:\/\/hanger-tools.com\/wp-content\/uploads\/2021\/01\/Plan-de-travail-1-copie-100x100.png 100w, https:\/\/hanger-tools.com\/wp-content\/uploads\/2021\/01\/Plan-de-travail-1-copie-350x350.png 350w, https:\/\/hanger-tools.com\/wp-content\/uploads\/2021\/01\/Plan-de-travail-1-copie-600x601.png 600w, https:\/\/hanger-tools.com\/wp-content\/uploads\/2021\/01\/Plan-de-travail-1-copie.png 1080w\" sizes=\"(max-width: 150px) 100vw, 150px\" \/>                                                            \n                                                <img width=\"150\" height=\"150\" src=\"http:\/\/hanger-tools.com\/wp-content\/uploads\/2021\/01\/Plan-de-travail-2-copie-150x150.png\" alt=\"1 roadshow dans toute la France !\" loading=\"lazy\" srcset=\"https:\/\/hanger-tools.com\/wp-content\/uploads\/2021\/01\/Plan-de-travail-2-copie-150x150.png 150w, https:\/\/hanger-tools.com\/wp-content\/uploads\/2021\/01\/Plan-de-travail-2-copie-300x300.png 300w, https:\/\/hanger-tools.com\/wp-content\/uploads\/2021\/01\/Plan-de-travail-2-copie-1024x1024.png 1024w, https:\/\/hanger-tools.com\/wp-content\/uploads\/2021\/01\/Plan-de-travail-2-copie-768x769.png 768w, https:\/\/hanger-tools.com\/wp-content\/uploads\/2021\/01\/Plan-de-travail-2-copie-400x400.png 400w, https:\/\/hanger-tools.com\/wp-content\/uploads\/2021\/01\/Plan-de-travail-2-copie-100x100.png 100w, https:\/\/hanger-tools.com\/wp-content\/uploads\/2021\/01\/Plan-de-travail-2-copie-350x350.png 350w, https:\/\/hanger-tools.com\/wp-content\/uploads\/2021\/01\/Plan-de-travail-2-copie-600x601.png 600w, https:\/\/hanger-tools.com\/wp-content\/uploads\/2021\/01\/Plan-de-travail-2-copie.png 1080w\" sizes=\"(max-width: 150px) 100vw, 150px\" \/>                                                            \n                                                <img width=\"150\" height=\"150\" src=\"http:\/\/hanger-tools.com\/wp-content\/uploads\/2021\/01\/Plan-de-travail-3-copie-150x150.png\" alt=\"Vos produits disponibles en 24\" loading=\"lazy\" srcset=\"https:\/\/hanger-tools.com\/wp-content\/uploads\/2021\/01\/Plan-de-travail-3-copie-150x150.png 150w, https:\/\/hanger-tools.com\/wp-content\/uploads\/2021\/01\/Plan-de-travail-3-copie-300x300.png 300w, https:\/\/hanger-tools.com\/wp-content\/uploads\/2021\/01\/Plan-de-travail-3-copie-1024x1024.png 1024w, https:\/\/hanger-tools.com\/wp-content\/uploads\/2021\/01\/Plan-de-travail-3-copie-768x769.png 768w, https:\/\/hanger-tools.com\/wp-content\/uploads\/2021\/01\/Plan-de-travail-3-copie-400x400.png 400w, https:\/\/hanger-tools.com\/wp-content\/uploads\/2021\/01\/Plan-de-travail-3-copie-100x100.png 100w, https:\/\/hanger-tools.com\/wp-content\/uploads\/2021\/01\/Plan-de-travail-3-copie-350x350.png 350w, https:\/\/hanger-tools.com\/wp-content\/uploads\/2021\/01\/Plan-de-travail-3-copie-600x601.png 600w, https:\/\/hanger-tools.com\/wp-content\/uploads\/2021\/01\/Plan-de-travail-3-copie.png 1080w\" sizes=\"(max-width: 150px) 100vw, 150px\" \/>                                                            \n\t\t\t<h2>Retrouvez-nous pr\u00e8s de chez vous et suivez-nous sur les r\u00e9seaux sociaux !<\/h2>\t\t\n\t\t\t\t\t<a href=\"https:\/\/www.facebook.com\/Hanger.Tools\/\" target=\"_blank\" rel=\"noopener\">\n\t\t\t\t\t\tFacebook\n\t\t\t\t\t\t\t\t\t\t\t<\/a>\n\t\t\t\t\t<a href=\"https:\/\/www.instagram.com\/hanger.tools\/\" target=\"_blank\" rel=\"noopener\">\n\t\t\t\t\t\tInstagram\n\t\t\t\t\t\t\t\t\t\t\t<\/a>\n\t\t\t\t\t<a href=\"https:\/\/www.linkedin.com\/company\/hanger-tools\/\" target=\"_blank\" rel=\"noopener\">\n\t\t\t\t\t\tLinkedin\n\t\t\t\t\t\t\t\t\t\t\t<\/a>\n\t\t\t\t\t<a href=\"https:\/\/www.youtube.com\/channel\/UC-0Ol5PDkJMI88Yq4kzd7zg\/about\" target=\"_blank\" rel=\"noopener\">\n\t\t\t\t\t\tYoutube\n\t\t\t\t\t\t\t\t\t\t\t<\/a>","_et_gb_content_width":"","_cloudinary_featured_overwrite":false,"footnotes":""},"class_list":["post-4793","page","type-page","status-publish","hentry"],"acf":[],"amp_enabled":false,"_links":{"self":[{"href":"https:\/\/www.hanger-tools.com\/index.php?rest_route=\/wp\/v2\/pages\/4793","targetHints":{"allow":["GET"]}}],"collection":[{"href":"https:\/\/www.hanger-tools.com\/index.php?rest_route=\/wp\/v2\/pages"}],"about":[{"href":"https:\/\/www.hanger-tools.com\/index.php?rest_route=\/wp\/v2\/types\/page"}],"author":[{"embeddable":true,"href":"https:\/\/www.hanger-tools.com\/index.php?rest_route=\/wp\/v2\/users\/1"}],"replies":[{"embeddable":true,"href":"https:\/\/www.hanger-tools.com\/index.php?rest_route=%2Fwp%2Fv2%2Fcomments&post=4793"}],"version-history":[{"count":203,"href":"https:\/\/www.hanger-tools.com\/index.php?rest_route=\/wp\/v2\/pages\/4793\/revisions"}],"predecessor-version":[{"id":22997,"href":"https:\/\/www.hanger-tools.com\/index.php?rest_route=\/wp\/v2\/pages\/4793\/revisions\/22997"}],"wp:attachment":[{"href":"https:\/\/www.hanger-tools.com\/index.php?rest_route=%2Fwp%2Fv2%2Fmedia&parent=4793"}],"curies":[{"name":"wp","href":"https:\/\/api.w.org\/{rel}","templated":true}]}}